{"id":1390,"date":"2020-01-03T04:23:54","date_gmt":"2020-01-03T04:23:54","guid":{"rendered":"http:\/\/wpdemo.archiwp.com\/engitech\/?page_id=1390"},"modified":"2023-09-18T23:09:42","modified_gmt":"2023-09-18T21:09:42","slug":"seguridad","status":"publish","type":"page","link":"https:\/\/esupport-mexico.com\/index.php\/seguridad\/","title":{"rendered":"Seguridad de la informaci\u00f3n"},"content":{"rendered":"\t\t<div data-elementor-type=\"wp-page\" data-elementor-id=\"1390\" class=\"elementor elementor-1390\">\n\t\t\t\t\t\t\t\t\t<section class=\"elementor-section elementor-top-section elementor-element elementor-element-7217fba ot-traditional elementor-section-boxed elementor-section-height-default elementor-section-height-default\" data-id=\"7217fba\" data-element_type=\"section\">\n\t\t\t\t\t\t<div class=\"elementor-container elementor-column-gap-default\">\n\t\t\t\t\t<div class=\"elementor-column elementor-col-100 elementor-top-column elementor-element elementor-element-2fc0969 ot-flex-column-vertical\" data-id=\"2fc0969\" data-element_type=\"column\">\n\t\t\t<div class=\"elementor-widget-wrap elementor-element-populated\">\n\t\t\t\t\t\t\t\t<section class=\"elementor-section elementor-inner-section elementor-element elementor-element-973c550 elementor-section-full_width ot-traditional elementor-section-height-default elementor-section-height-default\" data-id=\"973c550\" data-element_type=\"section\">\n\t\t\t\t\t\t<div class=\"elementor-container elementor-column-gap-extended\">\n\t\t\t\t\t<div class=\"elementor-column elementor-col-50 elementor-inner-column elementor-element elementor-element-05e1b9e ot-column-items-center ot-flex-column-vertical\" data-id=\"05e1b9e\" data-element_type=\"column\">\n\t\t\t<div class=\"elementor-widget-wrap elementor-element-populated\">\n\t\t\t\t\t\t\t\t<div class=\"elementor-element elementor-element-e966b03 elementor-widget elementor-widget-image\" data-id=\"e966b03\" data-element_type=\"widget\" data-widget_type=\"image.default\">\n\t\t\t\t<div class=\"elementor-widget-container\">\n\t\t\t<style>\/*! elementor - v3.17.0 - 08-11-2023 *\/\n.elementor-widget-image{text-align:center}.elementor-widget-image a{display:inline-block}.elementor-widget-image a img[src$=\".svg\"]{width:48px}.elementor-widget-image img{vertical-align:middle;display:inline-block}<\/style>\t\t\t\t\t\t\t\t\t\t\t\t<img loading=\"lazy\" decoding=\"async\" width=\"1024\" height=\"768\" src=\"https:\/\/esupport-mexico.com\/wp-content\/uploads\/2023\/09\/internet-security-1024x768.jpg\" class=\"attachment-large size-large wp-image-5188\" alt=\"\" srcset=\"https:\/\/esupport-mexico.com\/wp-content\/uploads\/2023\/09\/internet-security-1024x768.jpg 1024w, https:\/\/esupport-mexico.com\/wp-content\/uploads\/2023\/09\/internet-security-300x225.jpg 300w, https:\/\/esupport-mexico.com\/wp-content\/uploads\/2023\/09\/internet-security-768x576.jpg 768w, https:\/\/esupport-mexico.com\/wp-content\/uploads\/2023\/09\/internet-security-720x540.jpg 720w, https:\/\/esupport-mexico.com\/wp-content\/uploads\/2023\/09\/internet-security.jpg 1280w\" sizes=\"(max-width: 1024px) 100vw, 1024px\" \/>\t\t\t\t\t\t\t\t\t\t\t\t\t\t\t<\/div>\n\t\t\t\t<\/div>\n\t\t\t\t\t<\/div>\n\t\t<\/div>\n\t\t\t\t<div class=\"elementor-column elementor-col-50 elementor-inner-column elementor-element elementor-element-d335848 ot-flex-column-vertical\" data-id=\"d335848\" data-element_type=\"column\">\n\t\t\t<div class=\"elementor-widget-wrap elementor-element-populated\">\n\t\t\t\t\t\t\t\t<div class=\"elementor-element elementor-element-e69e6d7 elementor-widget elementor-widget-iheading\" data-id=\"e69e6d7\" data-element_type=\"widget\" data-widget_type=\"iheading.default\">\n\t\t\t\t<div class=\"elementor-widget-container\">\n\t\t\t\t\t<div class=\"ot-heading\">\r\n\t        \t            <span>\/\/ Sobre el servicio<\/span>\r\n\t        <h2 class=\"main-heading\">Seguridad de la Informaci\u00f3n<\/h2>\t    <\/div>\r\n\t    \t\t<\/div>\n\t\t\t\t<\/div>\n\t\t\t\t<div class=\"elementor-element elementor-element-6271962 elementor-widget elementor-widget-text-editor\" data-id=\"6271962\" data-element_type=\"widget\" data-widget_type=\"text-editor.default\">\n\t\t\t\t<div class=\"elementor-widget-container\">\n\t\t\t<style>\/*! elementor - v3.17.0 - 08-11-2023 *\/\n.elementor-widget-text-editor.elementor-drop-cap-view-stacked .elementor-drop-cap{background-color:#69727d;color:#fff}.elementor-widget-text-editor.elementor-drop-cap-view-framed .elementor-drop-cap{color:#69727d;border:3px solid;background-color:transparent}.elementor-widget-text-editor:not(.elementor-drop-cap-view-default) .elementor-drop-cap{margin-top:8px}.elementor-widget-text-editor:not(.elementor-drop-cap-view-default) .elementor-drop-cap-letter{width:1em;height:1em}.elementor-widget-text-editor .elementor-drop-cap{float:left;text-align:center;line-height:1;font-size:50px}.elementor-widget-text-editor .elementor-drop-cap-letter{display:inline-block}<\/style>\t\t\t\t<p>Somos expertos en ayudarte a proteger lo m\u00e1s valioso de tu equipo: la informaci\u00f3n. Te ayudamos a tener menos riesgos en tu operaci\u00f3n, previendo ataques cibern\u00e9ticos en un equipo que no est\u00e9 protegido.<\/p><p>Desde un virus hasta ataques de Ramsomware y Hackers, uno de nuestros objetivos es siempre ayudar a nuestros clientes a evitarlos, no permitas que tu informaci\u00f3n caiga en manos ajenas por alguien que se infiltre a tu red o equipos.<\/p><p>Mediante an\u00e1lisis de red, switches, servidores, conexiones y accesos no controlados (RAS) podemos garantizar que tu red o tus equipos tengan menos riesgo de ser atacados por externos.<\/p>\t\t\t\t\t\t<\/div>\n\t\t\t\t<\/div>\n\t\t\t\t\t<\/div>\n\t\t<\/div>\n\t\t\t\t\t\t\t<\/div>\n\t\t<\/section>\n\t\t\t\t\t<\/div>\n\t\t<\/div>\n\t\t\t\t\t\t\t<\/div>\n\t\t<\/section>\n\t\t\t\t<section class=\"elementor-section elementor-top-section elementor-element elementor-element-6118c00 ot-traditional elementor-section-boxed elementor-section-height-default elementor-section-height-default\" data-id=\"6118c00\" data-element_type=\"section\" data-settings=\"{&quot;background_background&quot;:&quot;classic&quot;}\">\n\t\t\t\t\t\t<div class=\"elementor-container elementor-column-gap-extended\">\n\t\t\t\t\t<div class=\"elementor-column elementor-col-100 elementor-top-column elementor-element elementor-element-baa3ea8 ot-flex-column-vertical\" data-id=\"baa3ea8\" data-element_type=\"column\">\n\t\t\t<div class=\"elementor-widget-wrap elementor-element-populated\">\n\t\t\t\t\t\t\t\t<div class=\"elementor-element elementor-element-adf2a06 elementor-widget elementor-widget-iheading\" data-id=\"adf2a06\" data-element_type=\"widget\" data-widget_type=\"iheading.default\">\n\t\t\t\t<div class=\"elementor-widget-container\">\n\t\t\t\t\t<div class=\"ot-heading\">\r\n\t        <h2 class=\"main-heading\">Algunas de las marcas con las que trabajamos<\/h2>\t    <\/div>\r\n\t    \t\t<\/div>\n\t\t\t\t<\/div>\n\t\t\t\t<div class=\"elementor-element elementor-element-efb4aef partners elementor-widget elementor-widget-image-carousel\" data-id=\"efb4aef\" data-element_type=\"widget\" data-settings=\"{&quot;slides_to_show&quot;:&quot;6&quot;,&quot;slides_to_show_tablet&quot;:&quot;4&quot;,&quot;slides_to_show_mobile&quot;:&quot;2&quot;,&quot;slides_to_scroll&quot;:&quot;1&quot;,&quot;navigation&quot;:&quot;none&quot;,&quot;autoplay_speed&quot;:6000,&quot;image_spacing_custom&quot;:{&quot;unit&quot;:&quot;px&quot;,&quot;size&quot;:80,&quot;sizes&quot;:[]},&quot;autoplay&quot;:&quot;yes&quot;,&quot;pause_on_hover&quot;:&quot;yes&quot;,&quot;pause_on_interaction&quot;:&quot;yes&quot;,&quot;infinite&quot;:&quot;yes&quot;,&quot;speed&quot;:500,&quot;image_spacing_custom_tablet&quot;:{&quot;unit&quot;:&quot;px&quot;,&quot;size&quot;:&quot;&quot;,&quot;sizes&quot;:[]},&quot;image_spacing_custom_mobile&quot;:{&quot;unit&quot;:&quot;px&quot;,&quot;size&quot;:&quot;&quot;,&quot;sizes&quot;:[]}}\" data-widget_type=\"image-carousel.default\">\n\t\t\t\t<div class=\"elementor-widget-container\">\n\t\t\t<style>\/*! elementor - v3.17.0 - 08-11-2023 *\/\n.elementor-widget-image-carousel .swiper,.elementor-widget-image-carousel .swiper-container{position:static}.elementor-widget-image-carousel .swiper-container .swiper-slide figure,.elementor-widget-image-carousel .swiper .swiper-slide figure{line-height:inherit}.elementor-widget-image-carousel .swiper-slide{text-align:center}.elementor-image-carousel-wrapper:not(.swiper-container-initialized):not(.swiper-initialized) .swiper-slide{max-width:calc(100% \/ var(--e-image-carousel-slides-to-show, 3))}<\/style>\t\t<div class=\"elementor-image-carousel-wrapper swiper\" dir=\"ltr\">\n\t\t\t<div class=\"elementor-image-carousel swiper-wrapper\" aria-live=\"off\">\n\t\t\t\t\t\t\t\t<div class=\"swiper-slide\" role=\"group\" aria-roledescription=\"slide\" aria-label=\"1 de 5\"><a data-elementor-open-lightbox=\"yes\" data-elementor-lightbox-slideshow=\"efb4aef\" data-elementor-lightbox-title=\"qnap\" data-e-action-hash=\"#elementor-action%3Aaction%3Dlightbox%26settings%3DeyJpZCI6NTIwNSwidXJsIjoiaHR0cHM6XC9cL2VzdXBwb3J0LW1leGljby5jb21cL3dwLWNvbnRlbnRcL3VwbG9hZHNcLzIwMjNcLzA5XC9xbmFwLnBuZyIsInNsaWRlc2hvdyI6ImVmYjRhZWYifQ%3D%3D\" href=\"http:\/\/themeforest.net\/user\/OceanThemes\/portfolio\" target=\"_blank\"><figure class=\"swiper-slide-inner\"><img decoding=\"async\" class=\"swiper-slide-image\" src=\"https:\/\/esupport-mexico.com\/wp-content\/uploads\/2023\/09\/qnap.png\" alt=\"qnap\" \/><\/figure><\/a><\/div><div class=\"swiper-slide\" role=\"group\" aria-roledescription=\"slide\" aria-label=\"2 de 5\"><a data-elementor-open-lightbox=\"yes\" data-elementor-lightbox-slideshow=\"efb4aef\" data-elementor-lightbox-title=\"cyber-power-logo\" data-e-action-hash=\"#elementor-action%3Aaction%3Dlightbox%26settings%3DeyJpZCI6NTIwNywidXJsIjoiaHR0cHM6XC9cL2VzdXBwb3J0LW1leGljby5jb21cL3dwLWNvbnRlbnRcL3VwbG9hZHNcLzIwMjNcLzA5XC9jeWJlci1wb3dlci1sb2dvLnBuZyIsInNsaWRlc2hvdyI6ImVmYjRhZWYifQ%3D%3D\" href=\"http:\/\/themeforest.net\/user\/OceanThemes\/portfolio\" target=\"_blank\"><figure class=\"swiper-slide-inner\"><img decoding=\"async\" class=\"swiper-slide-image\" src=\"https:\/\/esupport-mexico.com\/wp-content\/uploads\/2023\/09\/cyber-power-logo.png\" alt=\"cyber-power-logo\" \/><\/figure><\/a><\/div><div class=\"swiper-slide\" role=\"group\" aria-roledescription=\"slide\" aria-label=\"3 de 5\"><a data-elementor-open-lightbox=\"yes\" data-elementor-lightbox-slideshow=\"efb4aef\" data-elementor-lightbox-title=\"seagate-logo\" data-e-action-hash=\"#elementor-action%3Aaction%3Dlightbox%26settings%3DeyJpZCI6NTIwOCwidXJsIjoiaHR0cHM6XC9cL2VzdXBwb3J0LW1leGljby5jb21cL3dwLWNvbnRlbnRcL3VwbG9hZHNcLzIwMjNcLzA5XC9zZWFnYXRlLWxvZ28ucG5nIiwic2xpZGVzaG93IjoiZWZiNGFlZiJ9\" href=\"http:\/\/themeforest.net\/user\/OceanThemes\/portfolio\" target=\"_blank\"><figure class=\"swiper-slide-inner\"><img decoding=\"async\" class=\"swiper-slide-image\" src=\"https:\/\/esupport-mexico.com\/wp-content\/uploads\/2023\/09\/seagate-logo.png\" alt=\"seagate-logo\" \/><\/figure><\/a><\/div><div class=\"swiper-slide\" role=\"group\" aria-roledescription=\"slide\" aria-label=\"4 de 5\"><a data-elementor-open-lightbox=\"yes\" data-elementor-lightbox-slideshow=\"efb4aef\" data-elementor-lightbox-title=\"synology\" data-e-action-hash=\"#elementor-action%3Aaction%3Dlightbox%26settings%3DeyJpZCI6NTIwOSwidXJsIjoiaHR0cHM6XC9cL2VzdXBwb3J0LW1leGljby5jb21cL3dwLWNvbnRlbnRcL3VwbG9hZHNcLzIwMjNcLzA5XC9zeW5vbG9neS5wbmciLCJzbGlkZXNob3ciOiJlZmI0YWVmIn0%3D\" href=\"http:\/\/themeforest.net\/user\/OceanThemes\/portfolio\" target=\"_blank\"><figure class=\"swiper-slide-inner\"><img decoding=\"async\" class=\"swiper-slide-image\" src=\"https:\/\/esupport-mexico.com\/wp-content\/uploads\/2023\/09\/synology.png\" alt=\"synology\" \/><\/figure><\/a><\/div><div class=\"swiper-slide\" role=\"group\" aria-roledescription=\"slide\" aria-label=\"5 de 5\"><a data-elementor-open-lightbox=\"yes\" data-elementor-lightbox-slideshow=\"efb4aef\" data-elementor-lightbox-title=\"westerndigital-logo\" data-e-action-hash=\"#elementor-action%3Aaction%3Dlightbox%26settings%3DeyJpZCI6NTIxMCwidXJsIjoiaHR0cHM6XC9cL2VzdXBwb3J0LW1leGljby5jb21cL3dwLWNvbnRlbnRcL3VwbG9hZHNcLzIwMjNcLzA5XC93ZXN0ZXJuZGlnaXRhbC1sb2dvLnBuZyIsInNsaWRlc2hvdyI6ImVmYjRhZWYifQ%3D%3D\" href=\"http:\/\/themeforest.net\/user\/OceanThemes\/portfolio\" target=\"_blank\"><figure class=\"swiper-slide-inner\"><img decoding=\"async\" class=\"swiper-slide-image\" src=\"https:\/\/esupport-mexico.com\/wp-content\/uploads\/2023\/09\/westerndigital-logo.png\" alt=\"westerndigital-logo\" \/><\/figure><\/a><\/div>\t\t\t<\/div>\n\t\t\t\t\t\t\t\n\t\t\t\t\t\t\t\t\t<\/div>\n\t\t\t\t<\/div>\n\t\t\t\t<\/div>\n\t\t\t\t\t<\/div>\n\t\t<\/div>\n\t\t\t\t\t\t\t<\/div>\n\t\t<\/section>\n\t\t\t\t\t\t\t<\/div>\n\t\t","protected":false},"excerpt":{"rendered":"<p>\/\/ Sobre el servicio Seguridad de la Informaci\u00f3n Somos expertos en ayudarte a proteger lo m\u00e1s valioso de tu equipo: la informaci\u00f3n. Te ayudamos a tener menos riesgos en tu operaci\u00f3n, previendo ataques cibern\u00e9ticos en un equipo que no est\u00e9 protegido. Desde un virus hasta ataques de Ramsomware y Hackers, uno de nuestros objetivos es [&hellip;]<\/p>\n","protected":false},"author":1,"featured_media":0,"parent":0,"menu_order":0,"comment_status":"closed","ping_status":"closed","template":"","meta":{"footnotes":""},"yoast_head":"<!-- This site is optimized with the Yoast SEO plugin v21.5 - https:\/\/yoast.com\/wordpress\/plugins\/seo\/ -->\n<title>Seguridad de la informaci\u00f3n - ESUPPORT<\/title>\n<meta name=\"robots\" content=\"index, follow, max-snippet:-1, max-image-preview:large, max-video-preview:-1\" \/>\n<link rel=\"canonical\" href=\"https:\/\/esupport-mexico.com\/index.php\/seguridad\/\" \/>\n<meta property=\"og:locale\" content=\"es_ES\" \/>\n<meta property=\"og:type\" content=\"article\" \/>\n<meta property=\"og:title\" content=\"Seguridad de la informaci\u00f3n - ESUPPORT\" \/>\n<meta property=\"og:description\" content=\"\/\/ Sobre el servicio Seguridad de la Informaci\u00f3n Somos expertos en ayudarte a proteger lo m\u00e1s valioso de tu equipo: la informaci\u00f3n. Te ayudamos a tener menos riesgos en tu operaci\u00f3n, previendo ataques cibern\u00e9ticos en un equipo que no est\u00e9 protegido. Desde un virus hasta ataques de Ramsomware y Hackers, uno de nuestros objetivos es [&hellip;]\" \/>\n<meta property=\"og:url\" content=\"https:\/\/esupport-mexico.com\/index.php\/seguridad\/\" \/>\n<meta property=\"og:site_name\" content=\"ESUPPORT\" \/>\n<meta property=\"article:modified_time\" content=\"2023-09-18T21:09:42+00:00\" \/>\n<meta property=\"og:image\" content=\"http:\/\/esupport-mexico.com\/wp-content\/uploads\/2023\/09\/internet-security-1024x768.jpg\" \/>\n<meta name=\"twitter:card\" content=\"summary_large_image\" \/>\n<meta name=\"twitter:label1\" content=\"Tiempo de lectura\" \/>\n\t<meta name=\"twitter:data1\" content=\"1 minuto\" \/>\n<script type=\"application\/ld+json\" class=\"yoast-schema-graph\">{\"@context\":\"https:\/\/schema.org\",\"@graph\":[{\"@type\":\"WebPage\",\"@id\":\"https:\/\/esupport-mexico.com\/index.php\/seguridad\/\",\"url\":\"https:\/\/esupport-mexico.com\/index.php\/seguridad\/\",\"name\":\"Seguridad de la informaci\u00f3n - ESUPPORT\",\"isPartOf\":{\"@id\":\"https:\/\/esupport-mexico.com\/#website\"},\"datePublished\":\"2020-01-03T04:23:54+00:00\",\"dateModified\":\"2023-09-18T21:09:42+00:00\",\"breadcrumb\":{\"@id\":\"https:\/\/esupport-mexico.com\/index.php\/seguridad\/#breadcrumb\"},\"inLanguage\":\"es\",\"potentialAction\":[{\"@type\":\"ReadAction\",\"target\":[\"https:\/\/esupport-mexico.com\/index.php\/seguridad\/\"]}]},{\"@type\":\"BreadcrumbList\",\"@id\":\"https:\/\/esupport-mexico.com\/index.php\/seguridad\/#breadcrumb\",\"itemListElement\":[{\"@type\":\"ListItem\",\"position\":1,\"name\":\"Portada\",\"item\":\"https:\/\/esupport-mexico.com\/\"},{\"@type\":\"ListItem\",\"position\":2,\"name\":\"Seguridad de la informaci\u00f3n\"}]},{\"@type\":\"WebSite\",\"@id\":\"https:\/\/esupport-mexico.com\/#website\",\"url\":\"https:\/\/esupport-mexico.com\/\",\"name\":\"ESUPPORT\",\"description\":\"Somos una empresa mexicana en constante actualizaci\u00f3n y capacitaci\u00f3n que ofrece servicios de tecnolog\u00eda inform\u00e1tica tanto a particulares como a PyMES del Estado de Quer\u00e9taro y algunas otras zonas de la regi\u00f3n de Baj\u00edo.\",\"publisher\":{\"@id\":\"https:\/\/esupport-mexico.com\/#organization\"},\"potentialAction\":[{\"@type\":\"SearchAction\",\"target\":{\"@type\":\"EntryPoint\",\"urlTemplate\":\"https:\/\/esupport-mexico.com\/?s={search_term_string}\"},\"query-input\":\"required name=search_term_string\"}],\"inLanguage\":\"es\"},{\"@type\":\"Organization\",\"@id\":\"https:\/\/esupport-mexico.com\/#organization\",\"name\":\"ESUPPORT\",\"url\":\"https:\/\/esupport-mexico.com\/\",\"logo\":{\"@type\":\"ImageObject\",\"inLanguage\":\"es\",\"@id\":\"https:\/\/esupport-mexico.com\/#\/schema\/logo\/image\/\",\"url\":\"http:\/\/esupport-mexico.com\/wp-content\/uploads\/2023\/09\/logo-e-support-e1695245467737.png\",\"contentUrl\":\"http:\/\/esupport-mexico.com\/wp-content\/uploads\/2023\/09\/logo-e-support-e1695245467737.png\",\"width\":640,\"height\":181,\"caption\":\"ESUPPORT\"},\"image\":{\"@id\":\"https:\/\/esupport-mexico.com\/#\/schema\/logo\/image\/\"}}]}<\/script>\n<!-- \/ Yoast SEO plugin. -->","yoast_head_json":{"title":"Seguridad de la informaci\u00f3n - ESUPPORT","robots":{"index":"index","follow":"follow","max-snippet":"max-snippet:-1","max-image-preview":"max-image-preview:large","max-video-preview":"max-video-preview:-1"},"canonical":"https:\/\/esupport-mexico.com\/index.php\/seguridad\/","og_locale":"es_ES","og_type":"article","og_title":"Seguridad de la informaci\u00f3n - ESUPPORT","og_description":"\/\/ Sobre el servicio Seguridad de la Informaci\u00f3n Somos expertos en ayudarte a proteger lo m\u00e1s valioso de tu equipo: la informaci\u00f3n. Te ayudamos a tener menos riesgos en tu operaci\u00f3n, previendo ataques cibern\u00e9ticos en un equipo que no est\u00e9 protegido. Desde un virus hasta ataques de Ramsomware y Hackers, uno de nuestros objetivos es [&hellip;]","og_url":"https:\/\/esupport-mexico.com\/index.php\/seguridad\/","og_site_name":"ESUPPORT","article_modified_time":"2023-09-18T21:09:42+00:00","og_image":[{"url":"http:\/\/esupport-mexico.com\/wp-content\/uploads\/2023\/09\/internet-security-1024x768.jpg"}],"twitter_card":"summary_large_image","twitter_misc":{"Tiempo de lectura":"1 minuto"},"schema":{"@context":"https:\/\/schema.org","@graph":[{"@type":"WebPage","@id":"https:\/\/esupport-mexico.com\/index.php\/seguridad\/","url":"https:\/\/esupport-mexico.com\/index.php\/seguridad\/","name":"Seguridad de la informaci\u00f3n - ESUPPORT","isPartOf":{"@id":"https:\/\/esupport-mexico.com\/#website"},"datePublished":"2020-01-03T04:23:54+00:00","dateModified":"2023-09-18T21:09:42+00:00","breadcrumb":{"@id":"https:\/\/esupport-mexico.com\/index.php\/seguridad\/#breadcrumb"},"inLanguage":"es","potentialAction":[{"@type":"ReadAction","target":["https:\/\/esupport-mexico.com\/index.php\/seguridad\/"]}]},{"@type":"BreadcrumbList","@id":"https:\/\/esupport-mexico.com\/index.php\/seguridad\/#breadcrumb","itemListElement":[{"@type":"ListItem","position":1,"name":"Portada","item":"https:\/\/esupport-mexico.com\/"},{"@type":"ListItem","position":2,"name":"Seguridad de la informaci\u00f3n"}]},{"@type":"WebSite","@id":"https:\/\/esupport-mexico.com\/#website","url":"https:\/\/esupport-mexico.com\/","name":"ESUPPORT","description":"Somos una empresa mexicana en constante actualizaci\u00f3n y capacitaci\u00f3n que ofrece servicios de tecnolog\u00eda inform\u00e1tica tanto a particulares como a PyMES del Estado de Quer\u00e9taro y algunas otras zonas de la regi\u00f3n de Baj\u00edo.","publisher":{"@id":"https:\/\/esupport-mexico.com\/#organization"},"potentialAction":[{"@type":"SearchAction","target":{"@type":"EntryPoint","urlTemplate":"https:\/\/esupport-mexico.com\/?s={search_term_string}"},"query-input":"required name=search_term_string"}],"inLanguage":"es"},{"@type":"Organization","@id":"https:\/\/esupport-mexico.com\/#organization","name":"ESUPPORT","url":"https:\/\/esupport-mexico.com\/","logo":{"@type":"ImageObject","inLanguage":"es","@id":"https:\/\/esupport-mexico.com\/#\/schema\/logo\/image\/","url":"http:\/\/esupport-mexico.com\/wp-content\/uploads\/2023\/09\/logo-e-support-e1695245467737.png","contentUrl":"http:\/\/esupport-mexico.com\/wp-content\/uploads\/2023\/09\/logo-e-support-e1695245467737.png","width":640,"height":181,"caption":"ESUPPORT"},"image":{"@id":"https:\/\/esupport-mexico.com\/#\/schema\/logo\/image\/"}}]}},"_links":{"self":[{"href":"https:\/\/esupport-mexico.com\/index.php\/wp-json\/wp\/v2\/pages\/1390"}],"collection":[{"href":"https:\/\/esupport-mexico.com\/index.php\/wp-json\/wp\/v2\/pages"}],"about":[{"href":"https:\/\/esupport-mexico.com\/index.php\/wp-json\/wp\/v2\/types\/page"}],"author":[{"embeddable":true,"href":"https:\/\/esupport-mexico.com\/index.php\/wp-json\/wp\/v2\/users\/1"}],"replies":[{"embeddable":true,"href":"https:\/\/esupport-mexico.com\/index.php\/wp-json\/wp\/v2\/comments?post=1390"}],"version-history":[{"count":23,"href":"https:\/\/esupport-mexico.com\/index.php\/wp-json\/wp\/v2\/pages\/1390\/revisions"}],"predecessor-version":[{"id":5265,"href":"https:\/\/esupport-mexico.com\/index.php\/wp-json\/wp\/v2\/pages\/1390\/revisions\/5265"}],"wp:attachment":[{"href":"https:\/\/esupport-mexico.com\/index.php\/wp-json\/wp\/v2\/media?parent=1390"}],"curies":[{"name":"wp","href":"https:\/\/api.w.org\/{rel}","templated":true}]}}