{"id":1579,"date":"2020-01-09T04:10:53","date_gmt":"2020-01-09T04:10:53","guid":{"rendered":"http:\/\/wpdemo.archiwp.com\/engitech\/?page_id=1579"},"modified":"2023-09-18T23:02:06","modified_gmt":"2023-09-18T21:02:06","slug":"about-us","status":"publish","type":"page","link":"https:\/\/esupport-mexico.com\/index.php\/about-us\/","title":{"rendered":"Sobre nosotros"},"content":{"rendered":"\t\t<div data-elementor-type=\"wp-page\" data-elementor-id=\"1579\" class=\"elementor elementor-1579\">\n\t\t\t\t\t\t\t\t\t<section class=\"elementor-section elementor-top-section elementor-element elementor-element-7f3cbd8 elementor-section-content-middle ot-traditional elementor-section-boxed elementor-section-height-default elementor-section-height-default\" data-id=\"7f3cbd8\" data-element_type=\"section\" data-settings=\"{&quot;background_background&quot;:&quot;classic&quot;}\">\n\t\t\t\t\t\t<div class=\"elementor-container elementor-column-gap-extended\">\n\t\t\t\t\t<div class=\"elementor-column elementor-col-50 elementor-top-column elementor-element elementor-element-9fc2569 ot-flex-column-vertical\" data-id=\"9fc2569\" data-element_type=\"column\">\n\t\t\t<div class=\"elementor-widget-wrap elementor-element-populated\">\n\t\t\t\t\t\t\t\t<div class=\"elementor-element elementor-element-925ee15 elementor-widget elementor-widget-iheading\" data-id=\"925ee15\" data-element_type=\"widget\" data-widget_type=\"iheading.default\">\n\t\t\t\t<div class=\"elementor-widget-container\">\n\t\t\t\t\t<div class=\"ot-heading\">\r\n\t        \t            <span>\/\/ Acerca de nosotros<\/span>\r\n\t        <h2 class=\"main-heading\">20 a\u00f1os de experiencia nos hacen cada d\u00eda m\u00e1s profesionales\u2026<\/h2>\t    <\/div>\r\n\t    \t\t<\/div>\n\t\t\t\t<\/div>\n\t\t\t\t<div class=\"elementor-element elementor-element-5f326aa elementor-widget elementor-widget-text-editor\" data-id=\"5f326aa\" data-element_type=\"widget\" data-widget_type=\"text-editor.default\">\n\t\t\t\t<div class=\"elementor-widget-container\">\n\t\t\t<style>\/*! elementor - v3.17.0 - 08-11-2023 *\/\n.elementor-widget-text-editor.elementor-drop-cap-view-stacked .elementor-drop-cap{background-color:#69727d;color:#fff}.elementor-widget-text-editor.elementor-drop-cap-view-framed .elementor-drop-cap{color:#69727d;border:3px solid;background-color:transparent}.elementor-widget-text-editor:not(.elementor-drop-cap-view-default) .elementor-drop-cap{margin-top:8px}.elementor-widget-text-editor:not(.elementor-drop-cap-view-default) .elementor-drop-cap-letter{width:1em;height:1em}.elementor-widget-text-editor .elementor-drop-cap{float:left;text-align:center;line-height:1;font-size:50px}.elementor-widget-text-editor .elementor-drop-cap-letter{display:inline-block}<\/style>\t\t\t\t<p>Somos una empresa mexicana en constante actualizaci\u00f3n y capacitaci\u00f3n que ofrece servicios de tecnolog\u00eda inform\u00e1tica tanto a particulares como a PyMES del Estado de Quer\u00e9taro y algunas otras zonas de la regi\u00f3n de Baj\u00edo.<\/p><p>Realizamos estudios para detectar las oportunidades de mejora que puedan ser factibles para su negocio en materia de tecnolog\u00eda de informaci\u00f3n y as\u00ed juntos, optimizar sus recursos para lograr el mejor desempe\u00f1o de sus actividades cotidianas.<\/p><p>Contamos con 20 a\u00f1os de experiencia tanto en venta como en soporte t\u00e9cnico para la optimizaci\u00f3n y mantenimiento de la tecnolog\u00eda de informaci\u00f3n de su empresa. Somos un equipo de ingenieros en constante capacitaci\u00f3n y evaluaci\u00f3n, calificados para apoyarlo en todos sus requerimientos y necesidades con una gran actitud de servicio y cuidando siempre de su herramienta de trabajo m\u00e1s valiosa.<\/p>\t\t\t\t\t\t<\/div>\n\t\t\t\t<\/div>\n\t\t\t\t\t<\/div>\n\t\t<\/div>\n\t\t\t\t<div class=\"elementor-column elementor-col-50 elementor-top-column elementor-element elementor-element-7564da8 ot-flex-column-vertical\" data-id=\"7564da8\" data-element_type=\"column\">\n\t\t\t<div class=\"elementor-widget-wrap elementor-element-populated\">\n\t\t\t\t\t\t\t\t<section class=\"elementor-section elementor-inner-section elementor-element elementor-element-c97a89f elementor-section-full_width ot-layout_block elementor-section-height-default elementor-section-height-default\" data-id=\"c97a89f\" data-element_type=\"section\">\n\t\t\t\t\t\t<div class=\"elementor-container elementor-column-gap-extended\">\n\t\t\t\t\t<div class=\"elementor-column elementor-col-100 elementor-inner-column elementor-element elementor-element-ee166a8 ot-flex-column-vertical\" data-id=\"ee166a8\" data-element_type=\"column\">\n\t\t\t<div class=\"elementor-widget-wrap elementor-element-populated\">\n\t\t\t\t\t\t\t\t<div class=\"elementor-element elementor-element-3bd0bf1 elementor-widget elementor-widget-iimagebox1\" data-id=\"3bd0bf1\" data-element_type=\"widget\" data-widget_type=\"iimagebox1.default\">\n\t\t\t\t<div class=\"elementor-widget-container\">\n\t\t\t\t\t<a class=\"ot-image-box\" >\r\n\t\t\t<div class=\"overlay\">\r\n\t        \t<h4><\/h4>\r\n\t\t\t<\/div>\r\n\t\t\t<img decoding=\"async\" src=\"https:\/\/engitech.s3.amazonaws.com\/images\/image-box1.jpg\" alt=\"\">\r\n\t\t<\/a>\r\n\t    \t\t<\/div>\n\t\t\t\t<\/div>\n\t\t\t\t\t<\/div>\n\t\t<\/div>\n\t\t\t\t\t\t\t<\/div>\n\t\t<\/section>\n\t\t\t\t\t<\/div>\n\t\t<\/div>\n\t\t\t\t\t\t\t<\/div>\n\t\t<\/section>\n\t\t\t\t\t\t\t<\/div>\n\t\t","protected":false},"excerpt":{"rendered":"<p>\/\/ Acerca de nosotros 20 a\u00f1os de experiencia nos hacen cada d\u00eda m\u00e1s profesionales\u2026 Somos una empresa mexicana en constante actualizaci\u00f3n y capacitaci\u00f3n que ofrece servicios de tecnolog\u00eda inform\u00e1tica tanto a particulares como a PyMES del Estado de Quer\u00e9taro y algunas otras zonas de la regi\u00f3n de Baj\u00edo. Realizamos estudios para detectar las oportunidades de [&hellip;]<\/p>\n","protected":false},"author":1,"featured_media":0,"parent":0,"menu_order":0,"comment_status":"closed","ping_status":"closed","template":"","meta":{"footnotes":""},"yoast_head":"<!-- This site is optimized with the Yoast SEO plugin v21.5 - https:\/\/yoast.com\/wordpress\/plugins\/seo\/ -->\n<title>Sobre nosotros - ESUPPORT<\/title>\n<meta name=\"robots\" content=\"index, follow, max-snippet:-1, max-image-preview:large, max-video-preview:-1\" \/>\n<link rel=\"canonical\" href=\"https:\/\/esupport-mexico.com\/index.php\/about-us\/\" \/>\n<meta property=\"og:locale\" content=\"es_ES\" \/>\n<meta property=\"og:type\" content=\"article\" \/>\n<meta property=\"og:title\" content=\"Sobre nosotros - ESUPPORT\" \/>\n<meta property=\"og:description\" content=\"\/\/ Acerca de nosotros 20 a\u00f1os de experiencia nos hacen cada d\u00eda m\u00e1s profesionales\u2026 Somos una empresa mexicana en constante actualizaci\u00f3n y capacitaci\u00f3n que ofrece servicios de tecnolog\u00eda inform\u00e1tica tanto a particulares como a PyMES del Estado de Quer\u00e9taro y algunas otras zonas de la regi\u00f3n de Baj\u00edo. Realizamos estudios para detectar las oportunidades de [&hellip;]\" \/>\n<meta property=\"og:url\" content=\"https:\/\/esupport-mexico.com\/index.php\/about-us\/\" \/>\n<meta property=\"og:site_name\" content=\"ESUPPORT\" \/>\n<meta property=\"article:modified_time\" content=\"2023-09-18T21:02:06+00:00\" \/>\n<meta property=\"og:image\" content=\"https:\/\/engitech.s3.amazonaws.com\/images\/image-box1.jpg\" \/>\n<meta name=\"twitter:card\" content=\"summary_large_image\" \/>\n<meta name=\"twitter:label1\" content=\"Tiempo de lectura\" \/>\n\t<meta name=\"twitter:data1\" content=\"1 minuto\" \/>\n<script type=\"application\/ld+json\" class=\"yoast-schema-graph\">{\"@context\":\"https:\/\/schema.org\",\"@graph\":[{\"@type\":\"WebPage\",\"@id\":\"https:\/\/esupport-mexico.com\/index.php\/about-us\/\",\"url\":\"https:\/\/esupport-mexico.com\/index.php\/about-us\/\",\"name\":\"Sobre nosotros - ESUPPORT\",\"isPartOf\":{\"@id\":\"https:\/\/esupport-mexico.com\/#website\"},\"datePublished\":\"2020-01-09T04:10:53+00:00\",\"dateModified\":\"2023-09-18T21:02:06+00:00\",\"breadcrumb\":{\"@id\":\"https:\/\/esupport-mexico.com\/index.php\/about-us\/#breadcrumb\"},\"inLanguage\":\"es\",\"potentialAction\":[{\"@type\":\"ReadAction\",\"target\":[\"https:\/\/esupport-mexico.com\/index.php\/about-us\/\"]}]},{\"@type\":\"BreadcrumbList\",\"@id\":\"https:\/\/esupport-mexico.com\/index.php\/about-us\/#breadcrumb\",\"itemListElement\":[{\"@type\":\"ListItem\",\"position\":1,\"name\":\"Portada\",\"item\":\"https:\/\/esupport-mexico.com\/\"},{\"@type\":\"ListItem\",\"position\":2,\"name\":\"Sobre nosotros\"}]},{\"@type\":\"WebSite\",\"@id\":\"https:\/\/esupport-mexico.com\/#website\",\"url\":\"https:\/\/esupport-mexico.com\/\",\"name\":\"ESUPPORT\",\"description\":\"Somos una empresa mexicana en constante actualizaci\u00f3n y capacitaci\u00f3n que ofrece servicios de tecnolog\u00eda inform\u00e1tica tanto a particulares como a PyMES del Estado de Quer\u00e9taro y algunas otras zonas de la regi\u00f3n de Baj\u00edo.\",\"publisher\":{\"@id\":\"https:\/\/esupport-mexico.com\/#organization\"},\"potentialAction\":[{\"@type\":\"SearchAction\",\"target\":{\"@type\":\"EntryPoint\",\"urlTemplate\":\"https:\/\/esupport-mexico.com\/?s={search_term_string}\"},\"query-input\":\"required name=search_term_string\"}],\"inLanguage\":\"es\"},{\"@type\":\"Organization\",\"@id\":\"https:\/\/esupport-mexico.com\/#organization\",\"name\":\"ESUPPORT\",\"url\":\"https:\/\/esupport-mexico.com\/\",\"logo\":{\"@type\":\"ImageObject\",\"inLanguage\":\"es\",\"@id\":\"https:\/\/esupport-mexico.com\/#\/schema\/logo\/image\/\",\"url\":\"http:\/\/esupport-mexico.com\/wp-content\/uploads\/2023\/09\/logo-e-support-e1695245467737.png\",\"contentUrl\":\"http:\/\/esupport-mexico.com\/wp-content\/uploads\/2023\/09\/logo-e-support-e1695245467737.png\",\"width\":640,\"height\":181,\"caption\":\"ESUPPORT\"},\"image\":{\"@id\":\"https:\/\/esupport-mexico.com\/#\/schema\/logo\/image\/\"}}]}<\/script>\n<!-- \/ Yoast SEO plugin. -->","yoast_head_json":{"title":"Sobre nosotros - ESUPPORT","robots":{"index":"index","follow":"follow","max-snippet":"max-snippet:-1","max-image-preview":"max-image-preview:large","max-video-preview":"max-video-preview:-1"},"canonical":"https:\/\/esupport-mexico.com\/index.php\/about-us\/","og_locale":"es_ES","og_type":"article","og_title":"Sobre nosotros - ESUPPORT","og_description":"\/\/ Acerca de nosotros 20 a\u00f1os de experiencia nos hacen cada d\u00eda m\u00e1s profesionales\u2026 Somos una empresa mexicana en constante actualizaci\u00f3n y capacitaci\u00f3n que ofrece servicios de tecnolog\u00eda inform\u00e1tica tanto a particulares como a PyMES del Estado de Quer\u00e9taro y algunas otras zonas de la regi\u00f3n de Baj\u00edo. Realizamos estudios para detectar las oportunidades de [&hellip;]","og_url":"https:\/\/esupport-mexico.com\/index.php\/about-us\/","og_site_name":"ESUPPORT","article_modified_time":"2023-09-18T21:02:06+00:00","og_image":[{"url":"https:\/\/engitech.s3.amazonaws.com\/images\/image-box1.jpg"}],"twitter_card":"summary_large_image","twitter_misc":{"Tiempo de lectura":"1 minuto"},"schema":{"@context":"https:\/\/schema.org","@graph":[{"@type":"WebPage","@id":"https:\/\/esupport-mexico.com\/index.php\/about-us\/","url":"https:\/\/esupport-mexico.com\/index.php\/about-us\/","name":"Sobre nosotros - ESUPPORT","isPartOf":{"@id":"https:\/\/esupport-mexico.com\/#website"},"datePublished":"2020-01-09T04:10:53+00:00","dateModified":"2023-09-18T21:02:06+00:00","breadcrumb":{"@id":"https:\/\/esupport-mexico.com\/index.php\/about-us\/#breadcrumb"},"inLanguage":"es","potentialAction":[{"@type":"ReadAction","target":["https:\/\/esupport-mexico.com\/index.php\/about-us\/"]}]},{"@type":"BreadcrumbList","@id":"https:\/\/esupport-mexico.com\/index.php\/about-us\/#breadcrumb","itemListElement":[{"@type":"ListItem","position":1,"name":"Portada","item":"https:\/\/esupport-mexico.com\/"},{"@type":"ListItem","position":2,"name":"Sobre nosotros"}]},{"@type":"WebSite","@id":"https:\/\/esupport-mexico.com\/#website","url":"https:\/\/esupport-mexico.com\/","name":"ESUPPORT","description":"Somos una empresa mexicana en constante actualizaci\u00f3n y capacitaci\u00f3n que ofrece servicios de tecnolog\u00eda inform\u00e1tica tanto a particulares como a PyMES del Estado de Quer\u00e9taro y algunas otras zonas de la regi\u00f3n de Baj\u00edo.","publisher":{"@id":"https:\/\/esupport-mexico.com\/#organization"},"potentialAction":[{"@type":"SearchAction","target":{"@type":"EntryPoint","urlTemplate":"https:\/\/esupport-mexico.com\/?s={search_term_string}"},"query-input":"required name=search_term_string"}],"inLanguage":"es"},{"@type":"Organization","@id":"https:\/\/esupport-mexico.com\/#organization","name":"ESUPPORT","url":"https:\/\/esupport-mexico.com\/","logo":{"@type":"ImageObject","inLanguage":"es","@id":"https:\/\/esupport-mexico.com\/#\/schema\/logo\/image\/","url":"http:\/\/esupport-mexico.com\/wp-content\/uploads\/2023\/09\/logo-e-support-e1695245467737.png","contentUrl":"http:\/\/esupport-mexico.com\/wp-content\/uploads\/2023\/09\/logo-e-support-e1695245467737.png","width":640,"height":181,"caption":"ESUPPORT"},"image":{"@id":"https:\/\/esupport-mexico.com\/#\/schema\/logo\/image\/"}}]}},"_links":{"self":[{"href":"https:\/\/esupport-mexico.com\/index.php\/wp-json\/wp\/v2\/pages\/1579"}],"collection":[{"href":"https:\/\/esupport-mexico.com\/index.php\/wp-json\/wp\/v2\/pages"}],"about":[{"href":"https:\/\/esupport-mexico.com\/index.php\/wp-json\/wp\/v2\/types\/page"}],"author":[{"embeddable":true,"href":"https:\/\/esupport-mexico.com\/index.php\/wp-json\/wp\/v2\/users\/1"}],"replies":[{"embeddable":true,"href":"https:\/\/esupport-mexico.com\/index.php\/wp-json\/wp\/v2\/comments?post=1579"}],"version-history":[{"count":7,"href":"https:\/\/esupport-mexico.com\/index.php\/wp-json\/wp\/v2\/pages\/1579\/revisions"}],"predecessor-version":[{"id":5255,"href":"https:\/\/esupport-mexico.com\/index.php\/wp-json\/wp\/v2\/pages\/1579\/revisions\/5255"}],"wp:attachment":[{"href":"https:\/\/esupport-mexico.com\/index.php\/wp-json\/wp\/v2\/media?parent=1579"}],"curies":[{"name":"wp","href":"https:\/\/api.w.org\/{rel}","templated":true}]}}