{"id":1583,"date":"2020-01-09T04:33:29","date_gmt":"2020-01-09T04:33:29","guid":{"rendered":"http:\/\/wpdemo.archiwp.com\/engitech\/?page_id=1583"},"modified":"2023-09-18T23:02:00","modified_gmt":"2023-09-18T21:02:00","slug":"respaldoyalmacenamiento","status":"publish","type":"page","link":"https:\/\/esupport-mexico.com\/index.php\/infraestructura\/respaldoyalmacenamiento\/","title":{"rendered":"Respaldo y almacenamiento"},"content":{"rendered":"\t\t<div data-elementor-type=\"wp-page\" data-elementor-id=\"1583\" class=\"elementor elementor-1583\">\n\t\t\t\t\t\t\t\t\t<section class=\"elementor-section elementor-top-section elementor-element elementor-element-f983331 elementor-section-content-middle ot-traditional elementor-section-boxed elementor-section-height-default elementor-section-height-default\" data-id=\"f983331\" data-element_type=\"section\">\n\t\t\t\t\t\t<div class=\"elementor-container elementor-column-gap-extended\">\n\t\t\t\t\t<div class=\"elementor-column elementor-col-50 elementor-top-column elementor-element elementor-element-fb1c096 ot-flex-column-vertical\" data-id=\"fb1c096\" data-element_type=\"column\">\n\t\t\t<div class=\"elementor-widget-wrap elementor-element-populated\">\n\t\t\t\t\t\t\t\t<div class=\"elementor-element elementor-element-ab8c75d elementor-widget elementor-widget-image\" data-id=\"ab8c75d\" data-element_type=\"widget\" data-widget_type=\"image.default\">\n\t\t\t\t<div class=\"elementor-widget-container\">\n\t\t\t<style>\/*! elementor - v3.17.0 - 08-11-2023 *\/\n.elementor-widget-image{text-align:center}.elementor-widget-image a{display:inline-block}.elementor-widget-image a img[src$=\".svg\"]{width:48px}.elementor-widget-image img{vertical-align:middle;display:inline-block}<\/style>\t\t\t\t\t\t\t\t\t\t\t\t<img loading=\"lazy\" decoding=\"async\" width=\"1000\" height=\"665\" src=\"https:\/\/esupport-mexico.com\/wp-content\/uploads\/2023\/09\/Almacenamiento-Y-Respaldo-De-La-Informacion.jpg\" class=\"attachment-full size-full wp-image-5131\" alt=\"\" srcset=\"https:\/\/esupport-mexico.com\/wp-content\/uploads\/2023\/09\/Almacenamiento-Y-Respaldo-De-La-Informacion.jpg 1000w, https:\/\/esupport-mexico.com\/wp-content\/uploads\/2023\/09\/Almacenamiento-Y-Respaldo-De-La-Informacion-300x200.jpg 300w, https:\/\/esupport-mexico.com\/wp-content\/uploads\/2023\/09\/Almacenamiento-Y-Respaldo-De-La-Informacion-768x511.jpg 768w, https:\/\/esupport-mexico.com\/wp-content\/uploads\/2023\/09\/Almacenamiento-Y-Respaldo-De-La-Informacion-720x479.jpg 720w\" sizes=\"(max-width: 1000px) 100vw, 1000px\" \/>\t\t\t\t\t\t\t\t\t\t\t\t\t\t\t<\/div>\n\t\t\t\t<\/div>\n\t\t\t\t\t<\/div>\n\t\t<\/div>\n\t\t\t\t<div class=\"elementor-column elementor-col-50 elementor-top-column elementor-element elementor-element-8d40657 ot-flex-column-vertical\" data-id=\"8d40657\" data-element_type=\"column\">\n\t\t\t<div class=\"elementor-widget-wrap elementor-element-populated\">\n\t\t\t\t\t\t\t\t<section class=\"elementor-section elementor-inner-section elementor-element elementor-element-5f1f08f elementor-section-full_width ot-traditional elementor-section-height-default elementor-section-height-default\" data-id=\"5f1f08f\" data-element_type=\"section\">\n\t\t\t\t\t\t<div class=\"elementor-container elementor-column-gap-extended\">\n\t\t\t\t\t<div class=\"elementor-column elementor-col-100 elementor-inner-column elementor-element elementor-element-748cc6c ot-flex-column-vertical\" data-id=\"748cc6c\" data-element_type=\"column\">\n\t\t\t<div class=\"elementor-widget-wrap elementor-element-populated\">\n\t\t\t\t\t\t\t\t<div class=\"elementor-element elementor-element-b059e25 elementor-widget elementor-widget-iheading\" data-id=\"b059e25\" data-element_type=\"widget\" data-widget_type=\"iheading.default\">\n\t\t\t\t<div class=\"elementor-widget-container\">\n\t\t\t\t\t<div class=\"ot-heading\">\r\n\t        \t            <span>\/\/ Sobre el servicio<\/span>\r\n\t        <h2 class=\"main-heading\">Respaldo y Almacenamiento<\/h2>\t    <\/div>\r\n\t    \t\t<\/div>\n\t\t\t\t<\/div>\n\t\t\t\t<div class=\"elementor-element elementor-element-a7b1ece elementor-widget elementor-widget-text-editor\" data-id=\"a7b1ece\" data-element_type=\"widget\" data-widget_type=\"text-editor.default\">\n\t\t\t\t<div class=\"elementor-widget-container\">\n\t\t\t<style>\/*! elementor - v3.17.0 - 08-11-2023 *\/\n.elementor-widget-text-editor.elementor-drop-cap-view-stacked .elementor-drop-cap{background-color:#69727d;color:#fff}.elementor-widget-text-editor.elementor-drop-cap-view-framed .elementor-drop-cap{color:#69727d;border:3px solid;background-color:transparent}.elementor-widget-text-editor:not(.elementor-drop-cap-view-default) .elementor-drop-cap{margin-top:8px}.elementor-widget-text-editor:not(.elementor-drop-cap-view-default) .elementor-drop-cap-letter{width:1em;height:1em}.elementor-widget-text-editor .elementor-drop-cap{float:left;text-align:center;line-height:1;font-size:50px}.elementor-widget-text-editor .elementor-drop-cap-letter{display:inline-block}<\/style>\t\t\t\t<p>Contamos con equipos para respaldos remotos<br \/>en nuestras oficinas, as\u00ed como la implementaci\u00f3n de soluciones de Storage en sitio, adem\u00e1s de brindar soporte y venta de soluciones de almacenamiento en la nube de acuerdo al tama\u00f1o de su empresa y cantidad de usuarios. NO PERMITA QUE LA P\u00c9RDIDA DE INFORMACI\u00d3N SEA UN PROBLEMA EN SU EMPRESA, PODEMOS AYUDARLE A MINIMIZAR CONSIDERABLEMENTE LOS DA\u00d1OS EN CASO DE UN IMPREVISTO.<\/p>\t\t\t\t\t\t<\/div>\n\t\t\t\t<\/div>\n\t\t\t\t\t<\/div>\n\t\t<\/div>\n\t\t\t\t\t\t\t<\/div>\n\t\t<\/section>\n\t\t\t\t\t<\/div>\n\t\t<\/div>\n\t\t\t\t\t\t\t<\/div>\n\t\t<\/section>\n\t\t\t\t\t\t\t<\/div>\n\t\t","protected":false},"excerpt":{"rendered":"<p>\/\/ Sobre el servicio Respaldo y Almacenamiento Contamos con equipos para respaldos remotosen nuestras oficinas, as\u00ed como la implementaci\u00f3n de soluciones de Storage en sitio, adem\u00e1s de brindar soporte y venta de soluciones de almacenamiento en la nube de acuerdo al tama\u00f1o de su empresa y cantidad de usuarios. NO PERMITA QUE LA P\u00c9RDIDA DE [&hellip;]<\/p>\n","protected":false},"author":1,"featured_media":0,"parent":2407,"menu_order":0,"comment_status":"closed","ping_status":"closed","template":"","meta":{"footnotes":""},"yoast_head":"<!-- This site is optimized with the Yoast SEO plugin v21.5 - https:\/\/yoast.com\/wordpress\/plugins\/seo\/ -->\n<title>Respaldo y almacenamiento - ESUPPORT<\/title>\n<meta name=\"robots\" content=\"index, follow, max-snippet:-1, max-image-preview:large, max-video-preview:-1\" \/>\n<link rel=\"canonical\" href=\"https:\/\/esupport-mexico.com\/index.php\/infraestructura\/respaldoyalmacenamiento\/\" \/>\n<meta property=\"og:locale\" content=\"es_ES\" \/>\n<meta property=\"og:type\" content=\"article\" \/>\n<meta property=\"og:title\" content=\"Respaldo y almacenamiento - ESUPPORT\" \/>\n<meta property=\"og:description\" content=\"\/\/ Sobre el servicio Respaldo y Almacenamiento Contamos con equipos para respaldos remotosen nuestras oficinas, as\u00ed como la implementaci\u00f3n de soluciones de Storage en sitio, adem\u00e1s de brindar soporte y venta de soluciones de almacenamiento en la nube de acuerdo al tama\u00f1o de su empresa y cantidad de usuarios. NO PERMITA QUE LA P\u00c9RDIDA DE [&hellip;]\" \/>\n<meta property=\"og:url\" content=\"https:\/\/esupport-mexico.com\/index.php\/infraestructura\/respaldoyalmacenamiento\/\" \/>\n<meta property=\"og:site_name\" content=\"ESUPPORT\" \/>\n<meta property=\"article:modified_time\" content=\"2023-09-18T21:02:00+00:00\" \/>\n<meta property=\"og:image\" content=\"http:\/\/esupport-mexico.com\/wp-content\/uploads\/2023\/09\/Almacenamiento-Y-Respaldo-De-La-Informacion.jpg\" \/>\n<meta name=\"twitter:card\" content=\"summary_large_image\" \/>\n<script type=\"application\/ld+json\" class=\"yoast-schema-graph\">{\"@context\":\"https:\/\/schema.org\",\"@graph\":[{\"@type\":\"WebPage\",\"@id\":\"https:\/\/esupport-mexico.com\/index.php\/infraestructura\/respaldoyalmacenamiento\/\",\"url\":\"https:\/\/esupport-mexico.com\/index.php\/infraestructura\/respaldoyalmacenamiento\/\",\"name\":\"Respaldo y almacenamiento - ESUPPORT\",\"isPartOf\":{\"@id\":\"https:\/\/esupport-mexico.com\/#website\"},\"datePublished\":\"2020-01-09T04:33:29+00:00\",\"dateModified\":\"2023-09-18T21:02:00+00:00\",\"breadcrumb\":{\"@id\":\"https:\/\/esupport-mexico.com\/index.php\/infraestructura\/respaldoyalmacenamiento\/#breadcrumb\"},\"inLanguage\":\"es\",\"potentialAction\":[{\"@type\":\"ReadAction\",\"target\":[\"https:\/\/esupport-mexico.com\/index.php\/infraestructura\/respaldoyalmacenamiento\/\"]}]},{\"@type\":\"BreadcrumbList\",\"@id\":\"https:\/\/esupport-mexico.com\/index.php\/infraestructura\/respaldoyalmacenamiento\/#breadcrumb\",\"itemListElement\":[{\"@type\":\"ListItem\",\"position\":1,\"name\":\"Portada\",\"item\":\"https:\/\/esupport-mexico.com\/\"},{\"@type\":\"ListItem\",\"position\":2,\"name\":\"Infraestructura\",\"item\":\"https:\/\/esupport-mexico.com\/index.php\/infraestructura\/\"},{\"@type\":\"ListItem\",\"position\":3,\"name\":\"Respaldo y almacenamiento\"}]},{\"@type\":\"WebSite\",\"@id\":\"https:\/\/esupport-mexico.com\/#website\",\"url\":\"https:\/\/esupport-mexico.com\/\",\"name\":\"ESUPPORT\",\"description\":\"Somos una empresa mexicana en constante actualizaci\u00f3n y capacitaci\u00f3n que ofrece servicios de tecnolog\u00eda inform\u00e1tica tanto a particulares como a PyMES del Estado de Quer\u00e9taro y algunas otras zonas de la regi\u00f3n de Baj\u00edo.\",\"publisher\":{\"@id\":\"https:\/\/esupport-mexico.com\/#organization\"},\"potentialAction\":[{\"@type\":\"SearchAction\",\"target\":{\"@type\":\"EntryPoint\",\"urlTemplate\":\"https:\/\/esupport-mexico.com\/?s={search_term_string}\"},\"query-input\":\"required name=search_term_string\"}],\"inLanguage\":\"es\"},{\"@type\":\"Organization\",\"@id\":\"https:\/\/esupport-mexico.com\/#organization\",\"name\":\"ESUPPORT\",\"url\":\"https:\/\/esupport-mexico.com\/\",\"logo\":{\"@type\":\"ImageObject\",\"inLanguage\":\"es\",\"@id\":\"https:\/\/esupport-mexico.com\/#\/schema\/logo\/image\/\",\"url\":\"http:\/\/esupport-mexico.com\/wp-content\/uploads\/2023\/09\/logo-e-support-e1695245467737.png\",\"contentUrl\":\"http:\/\/esupport-mexico.com\/wp-content\/uploads\/2023\/09\/logo-e-support-e1695245467737.png\",\"width\":640,\"height\":181,\"caption\":\"ESUPPORT\"},\"image\":{\"@id\":\"https:\/\/esupport-mexico.com\/#\/schema\/logo\/image\/\"}}]}<\/script>\n<!-- \/ Yoast SEO plugin. -->","yoast_head_json":{"title":"Respaldo y almacenamiento - ESUPPORT","robots":{"index":"index","follow":"follow","max-snippet":"max-snippet:-1","max-image-preview":"max-image-preview:large","max-video-preview":"max-video-preview:-1"},"canonical":"https:\/\/esupport-mexico.com\/index.php\/infraestructura\/respaldoyalmacenamiento\/","og_locale":"es_ES","og_type":"article","og_title":"Respaldo y almacenamiento - ESUPPORT","og_description":"\/\/ Sobre el servicio Respaldo y Almacenamiento Contamos con equipos para respaldos remotosen nuestras oficinas, as\u00ed como la implementaci\u00f3n de soluciones de Storage en sitio, adem\u00e1s de brindar soporte y venta de soluciones de almacenamiento en la nube de acuerdo al tama\u00f1o de su empresa y cantidad de usuarios. NO PERMITA QUE LA P\u00c9RDIDA DE [&hellip;]","og_url":"https:\/\/esupport-mexico.com\/index.php\/infraestructura\/respaldoyalmacenamiento\/","og_site_name":"ESUPPORT","article_modified_time":"2023-09-18T21:02:00+00:00","og_image":[{"url":"http:\/\/esupport-mexico.com\/wp-content\/uploads\/2023\/09\/Almacenamiento-Y-Respaldo-De-La-Informacion.jpg"}],"twitter_card":"summary_large_image","schema":{"@context":"https:\/\/schema.org","@graph":[{"@type":"WebPage","@id":"https:\/\/esupport-mexico.com\/index.php\/infraestructura\/respaldoyalmacenamiento\/","url":"https:\/\/esupport-mexico.com\/index.php\/infraestructura\/respaldoyalmacenamiento\/","name":"Respaldo y almacenamiento - ESUPPORT","isPartOf":{"@id":"https:\/\/esupport-mexico.com\/#website"},"datePublished":"2020-01-09T04:33:29+00:00","dateModified":"2023-09-18T21:02:00+00:00","breadcrumb":{"@id":"https:\/\/esupport-mexico.com\/index.php\/infraestructura\/respaldoyalmacenamiento\/#breadcrumb"},"inLanguage":"es","potentialAction":[{"@type":"ReadAction","target":["https:\/\/esupport-mexico.com\/index.php\/infraestructura\/respaldoyalmacenamiento\/"]}]},{"@type":"BreadcrumbList","@id":"https:\/\/esupport-mexico.com\/index.php\/infraestructura\/respaldoyalmacenamiento\/#breadcrumb","itemListElement":[{"@type":"ListItem","position":1,"name":"Portada","item":"https:\/\/esupport-mexico.com\/"},{"@type":"ListItem","position":2,"name":"Infraestructura","item":"https:\/\/esupport-mexico.com\/index.php\/infraestructura\/"},{"@type":"ListItem","position":3,"name":"Respaldo y almacenamiento"}]},{"@type":"WebSite","@id":"https:\/\/esupport-mexico.com\/#website","url":"https:\/\/esupport-mexico.com\/","name":"ESUPPORT","description":"Somos una empresa mexicana en constante actualizaci\u00f3n y capacitaci\u00f3n que ofrece servicios de tecnolog\u00eda inform\u00e1tica tanto a particulares como a PyMES del Estado de Quer\u00e9taro y algunas otras zonas de la regi\u00f3n de Baj\u00edo.","publisher":{"@id":"https:\/\/esupport-mexico.com\/#organization"},"potentialAction":[{"@type":"SearchAction","target":{"@type":"EntryPoint","urlTemplate":"https:\/\/esupport-mexico.com\/?s={search_term_string}"},"query-input":"required name=search_term_string"}],"inLanguage":"es"},{"@type":"Organization","@id":"https:\/\/esupport-mexico.com\/#organization","name":"ESUPPORT","url":"https:\/\/esupport-mexico.com\/","logo":{"@type":"ImageObject","inLanguage":"es","@id":"https:\/\/esupport-mexico.com\/#\/schema\/logo\/image\/","url":"http:\/\/esupport-mexico.com\/wp-content\/uploads\/2023\/09\/logo-e-support-e1695245467737.png","contentUrl":"http:\/\/esupport-mexico.com\/wp-content\/uploads\/2023\/09\/logo-e-support-e1695245467737.png","width":640,"height":181,"caption":"ESUPPORT"},"image":{"@id":"https:\/\/esupport-mexico.com\/#\/schema\/logo\/image\/"}}]}},"_links":{"self":[{"href":"https:\/\/esupport-mexico.com\/index.php\/wp-json\/wp\/v2\/pages\/1583"}],"collection":[{"href":"https:\/\/esupport-mexico.com\/index.php\/wp-json\/wp\/v2\/pages"}],"about":[{"href":"https:\/\/esupport-mexico.com\/index.php\/wp-json\/wp\/v2\/types\/page"}],"author":[{"embeddable":true,"href":"https:\/\/esupport-mexico.com\/index.php\/wp-json\/wp\/v2\/users\/1"}],"replies":[{"embeddable":true,"href":"https:\/\/esupport-mexico.com\/index.php\/wp-json\/wp\/v2\/comments?post=1583"}],"version-history":[{"count":16,"href":"https:\/\/esupport-mexico.com\/index.php\/wp-json\/wp\/v2\/pages\/1583\/revisions"}],"predecessor-version":[{"id":5252,"href":"https:\/\/esupport-mexico.com\/index.php\/wp-json\/wp\/v2\/pages\/1583\/revisions\/5252"}],"up":[{"embeddable":true,"href":"https:\/\/esupport-mexico.com\/index.php\/wp-json\/wp\/v2\/pages\/2407"}],"wp:attachment":[{"href":"https:\/\/esupport-mexico.com\/index.php\/wp-json\/wp\/v2\/media?parent=1583"}],"curies":[{"name":"wp","href":"https:\/\/api.w.org\/{rel}","templated":true}]}}