{"id":2076,"date":"2020-02-25T08:41:33","date_gmt":"2020-02-25T08:41:33","guid":{"rendered":"http:\/\/wpdemo.archiwp.com\/engitech\/?page_id=2076"},"modified":"2023-09-18T23:10:31","modified_gmt":"2023-09-18T21:10:31","slug":"cctvalarmas","status":"publish","type":"page","link":"https:\/\/esupport-mexico.com\/index.php\/infraestructura\/cctvalarmas\/","title":{"rendered":"CCTV y alarmas"},"content":{"rendered":"\t\t<div data-elementor-type=\"wp-page\" data-elementor-id=\"2076\" class=\"elementor elementor-2076\">\n\t\t\t\t\t\t\t\t\t<section class=\"elementor-section elementor-top-section elementor-element elementor-element-50f8be2 ot-traditional elementor-section-boxed elementor-section-height-default elementor-section-height-default\" data-id=\"50f8be2\" data-element_type=\"section\" data-settings=\"{&quot;background_background&quot;:&quot;classic&quot;}\">\n\t\t\t\t\t\t<div class=\"elementor-container elementor-column-gap-default\">\n\t\t\t\t\t<div class=\"elementor-column elementor-col-100 elementor-top-column elementor-element elementor-element-ad4f9d3 ot-flex-column-vertical\" data-id=\"ad4f9d3\" data-element_type=\"column\">\n\t\t\t<div class=\"elementor-widget-wrap elementor-element-populated\">\n\t\t\t\t\t\t\t\t<section class=\"elementor-section elementor-inner-section elementor-element elementor-element-e7987b7 elementor-section-full_width elementor-section-content-middle ot-traditional elementor-section-height-default elementor-section-height-default\" data-id=\"e7987b7\" data-element_type=\"section\">\n\t\t\t\t\t\t<div class=\"elementor-container elementor-column-gap-extended\">\n\t\t\t\t\t<div class=\"elementor-column elementor-col-50 elementor-inner-column elementor-element elementor-element-8e2fd2c ot-flex-column-vertical\" data-id=\"8e2fd2c\" data-element_type=\"column\">\n\t\t\t<div class=\"elementor-widget-wrap elementor-element-populated\">\n\t\t\t\t\t\t\t\t<div class=\"elementor-element elementor-element-b53219c elementor-widget elementor-widget-image\" data-id=\"b53219c\" data-element_type=\"widget\" data-widget_type=\"image.default\">\n\t\t\t\t<div class=\"elementor-widget-container\">\n\t\t\t<style>\/*! elementor - v3.17.0 - 08-11-2023 *\/\n.elementor-widget-image{text-align:center}.elementor-widget-image a{display:inline-block}.elementor-widget-image a img[src$=\".svg\"]{width:48px}.elementor-widget-image img{vertical-align:middle;display:inline-block}<\/style>\t\t\t\t\t\t\t\t\t\t\t\t<img loading=\"lazy\" decoding=\"async\" width=\"640\" height=\"348\" src=\"https:\/\/esupport-mexico.com\/wp-content\/uploads\/2023\/09\/WhatsApp-Image-2023-09-11-at-6.50.21-PM.jpeg\" class=\"attachment-large size-large wp-image-5233\" alt=\"\" srcset=\"https:\/\/esupport-mexico.com\/wp-content\/uploads\/2023\/09\/WhatsApp-Image-2023-09-11-at-6.50.21-PM.jpeg 640w, https:\/\/esupport-mexico.com\/wp-content\/uploads\/2023\/09\/WhatsApp-Image-2023-09-11-at-6.50.21-PM-300x163.jpeg 300w\" sizes=\"(max-width: 640px) 100vw, 640px\" \/>\t\t\t\t\t\t\t\t\t\t\t\t\t\t\t<\/div>\n\t\t\t\t<\/div>\n\t\t\t\t\t<\/div>\n\t\t<\/div>\n\t\t\t\t<div class=\"elementor-column elementor-col-50 elementor-inner-column elementor-element elementor-element-0fcfd16 ot-flex-column-vertical\" data-id=\"0fcfd16\" data-element_type=\"column\">\n\t\t\t<div class=\"elementor-widget-wrap elementor-element-populated\">\n\t\t\t\t\t\t\t\t<div class=\"elementor-element elementor-element-a79fe3a elementor-widget elementor-widget-iheading\" data-id=\"a79fe3a\" data-element_type=\"widget\" data-widget_type=\"iheading.default\">\n\t\t\t\t<div class=\"elementor-widget-container\">\n\t\t\t\t\t<div class=\"ot-heading\">\r\n\t        \t            <span>\/\/ Sobre el servicio<\/span>\r\n\t        <h2 class=\"main-heading\">CCTV y alarmas<\/h2>\t    <\/div>\r\n\t    \t\t<\/div>\n\t\t\t\t<\/div>\n\t\t\t\t<div class=\"elementor-element elementor-element-009b645 elementor-widget elementor-widget-text-editor\" data-id=\"009b645\" data-element_type=\"widget\" data-widget_type=\"text-editor.default\">\n\t\t\t\t<div class=\"elementor-widget-container\">\n\t\t\t<style>\/*! elementor - v3.17.0 - 08-11-2023 *\/\n.elementor-widget-text-editor.elementor-drop-cap-view-stacked .elementor-drop-cap{background-color:#69727d;color:#fff}.elementor-widget-text-editor.elementor-drop-cap-view-framed .elementor-drop-cap{color:#69727d;border:3px solid;background-color:transparent}.elementor-widget-text-editor:not(.elementor-drop-cap-view-default) .elementor-drop-cap{margin-top:8px}.elementor-widget-text-editor:not(.elementor-drop-cap-view-default) .elementor-drop-cap-letter{width:1em;height:1em}.elementor-widget-text-editor .elementor-drop-cap{float:left;text-align:center;line-height:1;font-size:50px}.elementor-widget-text-editor .elementor-drop-cap-letter{display:inline-block}<\/style>\t\t\t\t<p style=\"text-align: justify;\">An\u00e1lisis, dise\u00f1o e implementaci\u00f3n de sistemas de seguridad para tu casa, negocio, taller, bodega, etc\u00e9tera. No importa el tama\u00f1o del lugar, contamos con las mejores marcas y las mejores soluciones.<\/p><p style=\"text-align: justify;\">Hoy en d\u00eda se ha vuelto una necesidad contar con un sistema de vigilancia que nos permita estar presentes en todo momento cuidando de nuestras oficinas, nuestras pertenencias e incluso de nuestros seres queridos.<\/p><p style=\"text-align: justify;\">Contamos con equipos de las mejores marcas, instalamos desde 1 c\u00e1mara hasta sistemas avanzados de monitoreo siempre cuidando de su presupuesto, y analizando las condiciones del lugar, de luz, posici\u00f3n, distancia, etc.<\/p><p style=\"text-align: justify;\">Si sumado a eso contamos con un sistema de alarma perimetral el riesgo de sufrir un robo disminuye notablemente. Perm\u00edtanos ayudarle para buscar juntos una soluci\u00f3n confiable y segura para su hogar o negocio.<\/p><p style=\"text-align: justify;\">Recuerde que una inversi\u00f3n a tiempo en Seguridad significa Tranquilidad<\/p>\t\t\t\t\t\t<\/div>\n\t\t\t\t<\/div>\n\t\t\t\t\t<\/div>\n\t\t<\/div>\n\t\t\t\t\t\t\t<\/div>\n\t\t<\/section>\n\t\t\t\t\t<\/div>\n\t\t<\/div>\n\t\t\t\t\t\t\t<\/div>\n\t\t<\/section>\n\t\t\t\t<section class=\"elementor-section elementor-top-section elementor-element elementor-element-73fd688 ot-traditional elementor-section-boxed elementor-section-height-default elementor-section-height-default\" data-id=\"73fd688\" data-element_type=\"section\" data-settings=\"{&quot;background_background&quot;:&quot;classic&quot;}\">\n\t\t\t\t\t\t<div class=\"elementor-container elementor-column-gap-default\">\n\t\t\t\t\t<div class=\"elementor-column elementor-col-100 elementor-top-column elementor-element elementor-element-3b4e3f0 ot-flex-column-vertical\" data-id=\"3b4e3f0\" data-element_type=\"column\">\n\t\t\t<div class=\"elementor-widget-wrap elementor-element-populated\">\n\t\t\t\t\t\t\t\t<div class=\"elementor-element elementor-element-ad34cb5 elementor-widget elementor-widget-iheading\" data-id=\"ad34cb5\" data-element_type=\"widget\" data-widget_type=\"iheading.default\">\n\t\t\t\t<div class=\"elementor-widget-container\">\n\t\t\t\t\t<div class=\"ot-heading\">\r\n\t        <h2 class=\"main-heading\">Algunas de las marcas con las que trabajamos<\/h2>\t    <\/div>\r\n\t    \t\t<\/div>\n\t\t\t\t<\/div>\n\t\t\t\t<div class=\"elementor-element elementor-element-7288f67 partners elementor-widget elementor-widget-image-carousel\" data-id=\"7288f67\" data-element_type=\"widget\" data-settings=\"{&quot;slides_to_show&quot;:&quot;6&quot;,&quot;slides_to_scroll&quot;:&quot;1&quot;,&quot;navigation&quot;:&quot;none&quot;,&quot;image_spacing_custom&quot;:{&quot;unit&quot;:&quot;px&quot;,&quot;size&quot;:80,&quot;sizes&quot;:[]},&quot;autoplay&quot;:&quot;yes&quot;,&quot;pause_on_hover&quot;:&quot;yes&quot;,&quot;pause_on_interaction&quot;:&quot;yes&quot;,&quot;autoplay_speed&quot;:5000,&quot;infinite&quot;:&quot;yes&quot;,&quot;speed&quot;:500,&quot;image_spacing_custom_tablet&quot;:{&quot;unit&quot;:&quot;px&quot;,&quot;size&quot;:&quot;&quot;,&quot;sizes&quot;:[]},&quot;image_spacing_custom_mobile&quot;:{&quot;unit&quot;:&quot;px&quot;,&quot;size&quot;:&quot;&quot;,&quot;sizes&quot;:[]}}\" data-widget_type=\"image-carousel.default\">\n\t\t\t\t<div class=\"elementor-widget-container\">\n\t\t\t<style>\/*! elementor - v3.17.0 - 08-11-2023 *\/\n.elementor-widget-image-carousel .swiper,.elementor-widget-image-carousel .swiper-container{position:static}.elementor-widget-image-carousel .swiper-container .swiper-slide figure,.elementor-widget-image-carousel .swiper .swiper-slide figure{line-height:inherit}.elementor-widget-image-carousel .swiper-slide{text-align:center}.elementor-image-carousel-wrapper:not(.swiper-container-initialized):not(.swiper-initialized) .swiper-slide{max-width:calc(100% \/ var(--e-image-carousel-slides-to-show, 3))}<\/style>\t\t<div class=\"elementor-image-carousel-wrapper swiper\" dir=\"ltr\">\n\t\t\t<div class=\"elementor-image-carousel swiper-wrapper\" aria-live=\"off\">\n\t\t\t\t\t\t\t\t<div class=\"swiper-slide\" role=\"group\" aria-roledescription=\"slide\" aria-label=\"1 de 6\"><figure class=\"swiper-slide-inner\"><img decoding=\"async\" class=\"swiper-slide-image\" src=\"https:\/\/esupport-mexico.com\/wp-content\/uploads\/2023\/09\/belden-logo.png\" alt=\"belden-logo\" \/><\/figure><\/div><div class=\"swiper-slide\" role=\"group\" aria-roledescription=\"slide\" aria-label=\"2 de 6\"><figure class=\"swiper-slide-inner\"><img decoding=\"async\" class=\"swiper-slide-image\" src=\"https:\/\/esupport-mexico.com\/wp-content\/uploads\/2023\/09\/Cisco-logo.png\" alt=\"Cisco-logo\" \/><\/figure><\/div><div class=\"swiper-slide\" role=\"group\" aria-roledescription=\"slide\" aria-label=\"3 de 6\"><figure class=\"swiper-slide-inner\"><img decoding=\"async\" class=\"swiper-slide-image\" src=\"https:\/\/esupport-mexico.com\/wp-content\/uploads\/2023\/09\/Dahua-Logo-PNG-1500x523-1.png\" alt=\"Dahua-Logo-PNG-1500x523\" \/><\/figure><\/div><div class=\"swiper-slide\" role=\"group\" aria-roledescription=\"slide\" aria-label=\"4 de 6\"><figure class=\"swiper-slide-inner\"><img decoding=\"async\" class=\"swiper-slide-image\" src=\"https:\/\/esupport-mexico.com\/wp-content\/uploads\/2023\/09\/DrayTek_Logo.svg.png\" alt=\"DrayTek_Logo.svg\" \/><\/figure><\/div><div class=\"swiper-slide\" role=\"group\" aria-roledescription=\"slide\" aria-label=\"5 de 6\"><figure class=\"swiper-slide-inner\"><img decoding=\"async\" class=\"swiper-slide-image\" src=\"https:\/\/esupport-mexico.com\/wp-content\/uploads\/2023\/09\/Hikvision-Logo-R-01-1.png\" alt=\"Hikvision Logo-R-01-1\" \/><\/figure><\/div><div class=\"swiper-slide\" role=\"group\" aria-roledescription=\"slide\" aria-label=\"6 de 6\"><figure class=\"swiper-slide-inner\"><img decoding=\"async\" class=\"swiper-slide-image\" src=\"https:\/\/esupport-mexico.com\/wp-content\/uploads\/2023\/09\/panduit_logo.webp\" alt=\"panduit_logo\" \/><\/figure><\/div>\t\t\t<\/div>\n\t\t\t\t\t\t\t\n\t\t\t\t\t\t\t\t\t<\/div>\n\t\t\t\t<\/div>\n\t\t\t\t<\/div>\n\t\t\t\t\t<\/div>\n\t\t<\/div>\n\t\t\t\t\t\t\t<\/div>\n\t\t<\/section>\n\t\t\t\t\t\t\t<\/div>\n\t\t","protected":false},"excerpt":{"rendered":"<p>\/\/ Sobre el servicio CCTV y alarmas An\u00e1lisis, dise\u00f1o e implementaci\u00f3n de sistemas de seguridad para tu casa, negocio, taller, bodega, etc\u00e9tera. No importa el tama\u00f1o del lugar, contamos con las mejores marcas y las mejores soluciones. Hoy en d\u00eda se ha vuelto una necesidad contar con un sistema de vigilancia que nos permita estar [&hellip;]<\/p>\n","protected":false},"author":1,"featured_media":0,"parent":2407,"menu_order":0,"comment_status":"closed","ping_status":"closed","template":"","meta":{"footnotes":""},"yoast_head":"<!-- This site is optimized with the Yoast SEO plugin v21.5 - https:\/\/yoast.com\/wordpress\/plugins\/seo\/ -->\n<title>CCTV y alarmas - ESUPPORT<\/title>\n<meta name=\"robots\" content=\"index, follow, max-snippet:-1, max-image-preview:large, max-video-preview:-1\" \/>\n<link rel=\"canonical\" href=\"https:\/\/esupport-mexico.com\/index.php\/infraestructura\/cctvalarmas\/\" \/>\n<meta property=\"og:locale\" content=\"es_ES\" \/>\n<meta property=\"og:type\" content=\"article\" \/>\n<meta property=\"og:title\" content=\"CCTV y alarmas - ESUPPORT\" \/>\n<meta property=\"og:description\" content=\"\/\/ Sobre el servicio CCTV y alarmas An\u00e1lisis, dise\u00f1o e implementaci\u00f3n de sistemas de seguridad para tu casa, negocio, taller, bodega, etc\u00e9tera. No importa el tama\u00f1o del lugar, contamos con las mejores marcas y las mejores soluciones. Hoy en d\u00eda se ha vuelto una necesidad contar con un sistema de vigilancia que nos permita estar [&hellip;]\" \/>\n<meta property=\"og:url\" content=\"https:\/\/esupport-mexico.com\/index.php\/infraestructura\/cctvalarmas\/\" \/>\n<meta property=\"og:site_name\" content=\"ESUPPORT\" \/>\n<meta property=\"article:modified_time\" content=\"2023-09-18T21:10:31+00:00\" \/>\n<meta property=\"og:image\" content=\"http:\/\/esupport-mexico.com\/wp-content\/uploads\/2023\/09\/WhatsApp-Image-2023-09-11-at-6.50.21-PM.jpeg\" \/>\n<meta name=\"twitter:card\" content=\"summary_large_image\" \/>\n<meta name=\"twitter:label1\" content=\"Tiempo de lectura\" \/>\n\t<meta name=\"twitter:data1\" content=\"1 minuto\" \/>\n<script type=\"application\/ld+json\" class=\"yoast-schema-graph\">{\"@context\":\"https:\/\/schema.org\",\"@graph\":[{\"@type\":\"WebPage\",\"@id\":\"https:\/\/esupport-mexico.com\/index.php\/infraestructura\/cctvalarmas\/\",\"url\":\"https:\/\/esupport-mexico.com\/index.php\/infraestructura\/cctvalarmas\/\",\"name\":\"CCTV y alarmas - ESUPPORT\",\"isPartOf\":{\"@id\":\"https:\/\/esupport-mexico.com\/#website\"},\"datePublished\":\"2020-02-25T08:41:33+00:00\",\"dateModified\":\"2023-09-18T21:10:31+00:00\",\"breadcrumb\":{\"@id\":\"https:\/\/esupport-mexico.com\/index.php\/infraestructura\/cctvalarmas\/#breadcrumb\"},\"inLanguage\":\"es\",\"potentialAction\":[{\"@type\":\"ReadAction\",\"target\":[\"https:\/\/esupport-mexico.com\/index.php\/infraestructura\/cctvalarmas\/\"]}]},{\"@type\":\"BreadcrumbList\",\"@id\":\"https:\/\/esupport-mexico.com\/index.php\/infraestructura\/cctvalarmas\/#breadcrumb\",\"itemListElement\":[{\"@type\":\"ListItem\",\"position\":1,\"name\":\"Portada\",\"item\":\"https:\/\/esupport-mexico.com\/\"},{\"@type\":\"ListItem\",\"position\":2,\"name\":\"Infraestructura\",\"item\":\"https:\/\/esupport-mexico.com\/index.php\/infraestructura\/\"},{\"@type\":\"ListItem\",\"position\":3,\"name\":\"CCTV y alarmas\"}]},{\"@type\":\"WebSite\",\"@id\":\"https:\/\/esupport-mexico.com\/#website\",\"url\":\"https:\/\/esupport-mexico.com\/\",\"name\":\"ESUPPORT\",\"description\":\"Somos una empresa mexicana en constante actualizaci\u00f3n y capacitaci\u00f3n que ofrece servicios de tecnolog\u00eda inform\u00e1tica tanto a particulares como a PyMES del Estado de Quer\u00e9taro y algunas otras zonas de la regi\u00f3n de Baj\u00edo.\",\"publisher\":{\"@id\":\"https:\/\/esupport-mexico.com\/#organization\"},\"potentialAction\":[{\"@type\":\"SearchAction\",\"target\":{\"@type\":\"EntryPoint\",\"urlTemplate\":\"https:\/\/esupport-mexico.com\/?s={search_term_string}\"},\"query-input\":\"required name=search_term_string\"}],\"inLanguage\":\"es\"},{\"@type\":\"Organization\",\"@id\":\"https:\/\/esupport-mexico.com\/#organization\",\"name\":\"ESUPPORT\",\"url\":\"https:\/\/esupport-mexico.com\/\",\"logo\":{\"@type\":\"ImageObject\",\"inLanguage\":\"es\",\"@id\":\"https:\/\/esupport-mexico.com\/#\/schema\/logo\/image\/\",\"url\":\"http:\/\/esupport-mexico.com\/wp-content\/uploads\/2023\/09\/logo-e-support-e1695245467737.png\",\"contentUrl\":\"http:\/\/esupport-mexico.com\/wp-content\/uploads\/2023\/09\/logo-e-support-e1695245467737.png\",\"width\":640,\"height\":181,\"caption\":\"ESUPPORT\"},\"image\":{\"@id\":\"https:\/\/esupport-mexico.com\/#\/schema\/logo\/image\/\"}}]}<\/script>\n<!-- \/ Yoast SEO plugin. -->","yoast_head_json":{"title":"CCTV y alarmas - ESUPPORT","robots":{"index":"index","follow":"follow","max-snippet":"max-snippet:-1","max-image-preview":"max-image-preview:large","max-video-preview":"max-video-preview:-1"},"canonical":"https:\/\/esupport-mexico.com\/index.php\/infraestructura\/cctvalarmas\/","og_locale":"es_ES","og_type":"article","og_title":"CCTV y alarmas - ESUPPORT","og_description":"\/\/ Sobre el servicio CCTV y alarmas An\u00e1lisis, dise\u00f1o e implementaci\u00f3n de sistemas de seguridad para tu casa, negocio, taller, bodega, etc\u00e9tera. No importa el tama\u00f1o del lugar, contamos con las mejores marcas y las mejores soluciones. Hoy en d\u00eda se ha vuelto una necesidad contar con un sistema de vigilancia que nos permita estar [&hellip;]","og_url":"https:\/\/esupport-mexico.com\/index.php\/infraestructura\/cctvalarmas\/","og_site_name":"ESUPPORT","article_modified_time":"2023-09-18T21:10:31+00:00","og_image":[{"url":"http:\/\/esupport-mexico.com\/wp-content\/uploads\/2023\/09\/WhatsApp-Image-2023-09-11-at-6.50.21-PM.jpeg"}],"twitter_card":"summary_large_image","twitter_misc":{"Tiempo de lectura":"1 minuto"},"schema":{"@context":"https:\/\/schema.org","@graph":[{"@type":"WebPage","@id":"https:\/\/esupport-mexico.com\/index.php\/infraestructura\/cctvalarmas\/","url":"https:\/\/esupport-mexico.com\/index.php\/infraestructura\/cctvalarmas\/","name":"CCTV y alarmas - ESUPPORT","isPartOf":{"@id":"https:\/\/esupport-mexico.com\/#website"},"datePublished":"2020-02-25T08:41:33+00:00","dateModified":"2023-09-18T21:10:31+00:00","breadcrumb":{"@id":"https:\/\/esupport-mexico.com\/index.php\/infraestructura\/cctvalarmas\/#breadcrumb"},"inLanguage":"es","potentialAction":[{"@type":"ReadAction","target":["https:\/\/esupport-mexico.com\/index.php\/infraestructura\/cctvalarmas\/"]}]},{"@type":"BreadcrumbList","@id":"https:\/\/esupport-mexico.com\/index.php\/infraestructura\/cctvalarmas\/#breadcrumb","itemListElement":[{"@type":"ListItem","position":1,"name":"Portada","item":"https:\/\/esupport-mexico.com\/"},{"@type":"ListItem","position":2,"name":"Infraestructura","item":"https:\/\/esupport-mexico.com\/index.php\/infraestructura\/"},{"@type":"ListItem","position":3,"name":"CCTV y alarmas"}]},{"@type":"WebSite","@id":"https:\/\/esupport-mexico.com\/#website","url":"https:\/\/esupport-mexico.com\/","name":"ESUPPORT","description":"Somos una empresa mexicana en constante actualizaci\u00f3n y capacitaci\u00f3n que ofrece servicios de tecnolog\u00eda inform\u00e1tica tanto a particulares como a PyMES del Estado de Quer\u00e9taro y algunas otras zonas de la regi\u00f3n de Baj\u00edo.","publisher":{"@id":"https:\/\/esupport-mexico.com\/#organization"},"potentialAction":[{"@type":"SearchAction","target":{"@type":"EntryPoint","urlTemplate":"https:\/\/esupport-mexico.com\/?s={search_term_string}"},"query-input":"required name=search_term_string"}],"inLanguage":"es"},{"@type":"Organization","@id":"https:\/\/esupport-mexico.com\/#organization","name":"ESUPPORT","url":"https:\/\/esupport-mexico.com\/","logo":{"@type":"ImageObject","inLanguage":"es","@id":"https:\/\/esupport-mexico.com\/#\/schema\/logo\/image\/","url":"http:\/\/esupport-mexico.com\/wp-content\/uploads\/2023\/09\/logo-e-support-e1695245467737.png","contentUrl":"http:\/\/esupport-mexico.com\/wp-content\/uploads\/2023\/09\/logo-e-support-e1695245467737.png","width":640,"height":181,"caption":"ESUPPORT"},"image":{"@id":"https:\/\/esupport-mexico.com\/#\/schema\/logo\/image\/"}}]}},"_links":{"self":[{"href":"https:\/\/esupport-mexico.com\/index.php\/wp-json\/wp\/v2\/pages\/2076"}],"collection":[{"href":"https:\/\/esupport-mexico.com\/index.php\/wp-json\/wp\/v2\/pages"}],"about":[{"href":"https:\/\/esupport-mexico.com\/index.php\/wp-json\/wp\/v2\/types\/page"}],"author":[{"embeddable":true,"href":"https:\/\/esupport-mexico.com\/index.php\/wp-json\/wp\/v2\/users\/1"}],"replies":[{"embeddable":true,"href":"https:\/\/esupport-mexico.com\/index.php\/wp-json\/wp\/v2\/comments?post=2076"}],"version-history":[{"count":39,"href":"https:\/\/esupport-mexico.com\/index.php\/wp-json\/wp\/v2\/pages\/2076\/revisions"}],"predecessor-version":[{"id":5268,"href":"https:\/\/esupport-mexico.com\/index.php\/wp-json\/wp\/v2\/pages\/2076\/revisions\/5268"}],"up":[{"embeddable":true,"href":"https:\/\/esupport-mexico.com\/index.php\/wp-json\/wp\/v2\/pages\/2407"}],"wp:attachment":[{"href":"https:\/\/esupport-mexico.com\/index.php\/wp-json\/wp\/v2\/media?parent=2076"}],"curies":[{"name":"wp","href":"https:\/\/api.w.org\/{rel}","templated":true}]}}