{"id":2407,"date":"2020-03-06T07:58:00","date_gmt":"2020-03-06T06:58:00","guid":{"rendered":"http:\/\/wpdemo.archiwp.com\/engitech\/?page_id=2407"},"modified":"2023-09-25T10:12:26","modified_gmt":"2023-09-25T16:12:26","slug":"infraestructura","status":"publish","type":"page","link":"https:\/\/esupport-mexico.com\/index.php\/infraestructura\/","title":{"rendered":"Infraestructura"},"content":{"rendered":"\t\t<div data-elementor-type=\"wp-page\" data-elementor-id=\"2407\" class=\"elementor elementor-2407\">\n\t\t\t\t\t\t\t\t\t<section class=\"elementor-section elementor-top-section elementor-element elementor-element-ca00d56 ot-traditional elementor-section-boxed elementor-section-height-default elementor-section-height-default\" data-id=\"ca00d56\" data-element_type=\"section\">\n\t\t\t\t\t\t<div class=\"elementor-container elementor-column-gap-default\">\n\t\t\t\t\t<div class=\"elementor-column elementor-col-100 elementor-top-column elementor-element elementor-element-ffdf0ac ot-flex-column-vertical\" data-id=\"ffdf0ac\" data-element_type=\"column\">\n\t\t\t<div class=\"elementor-widget-wrap elementor-element-populated\">\n\t\t\t\t\t\t\t\t<section class=\"elementor-section elementor-inner-section elementor-element elementor-element-75221f9 elementor-section-full_width elementor-section-content-bottom ot-traditional elementor-section-height-default elementor-section-height-default\" data-id=\"75221f9\" data-element_type=\"section\">\n\t\t\t\t\t\t<div class=\"elementor-container elementor-column-gap-default\">\n\t\t\t\t\t<div class=\"elementor-column elementor-col-100 elementor-inner-column elementor-element elementor-element-c1b831a ot-flex-column-vertical\" data-id=\"c1b831a\" data-element_type=\"column\">\n\t\t\t<div class=\"elementor-widget-wrap elementor-element-populated\">\n\t\t\t\t\t\t\t\t<div class=\"elementor-element elementor-element-1b26fd1 elementor-widget elementor-widget-iheading\" data-id=\"1b26fd1\" data-element_type=\"widget\" data-widget_type=\"iheading.default\">\n\t\t\t\t<div class=\"elementor-widget-container\">\n\t\t\t\t\t<div class=\"ot-heading\">\r\n\t        \t            <span>\/\/ nuestros servicios<\/span>\r\n\t        <h2 class=\"main-heading\">Los servicios que ofrecemos <br>\nson:<\/h2>\t    <\/div>\r\n\t    \t\t<\/div>\n\t\t\t\t<\/div>\n\t\t\t\t\t<\/div>\n\t\t<\/div>\n\t\t\t\t\t\t\t<\/div>\n\t\t<\/section>\n\t\t\t\t<section class=\"elementor-section elementor-inner-section elementor-element elementor-element-64da2ad elementor-section-full_width ot-traditional elementor-section-height-default elementor-section-height-default\" data-id=\"64da2ad\" data-element_type=\"section\">\n\t\t\t\t\t\t<div class=\"elementor-container elementor-column-gap-extended\">\n\t\t\t\t\t<div class=\"elementor-column elementor-col-33 elementor-inner-column elementor-element elementor-element-73d21de ot-flex-column-vertical\" data-id=\"73d21de\" data-element_type=\"column\">\n\t\t\t<div class=\"elementor-widget-wrap elementor-element-populated\">\n\t\t\t\t\t\t\t\t<div class=\"elementor-element elementor-element-2e0b847 elementor-widget elementor-widget-iiconbox2\" data-id=\"2e0b847\" data-element_type=\"widget\" data-widget_type=\"iiconbox2.default\">\n\t\t\t\t<div class=\"elementor-widget-container\">\n\t\t\t\t\t<div class=\"icon-box-s2 s1\">\r\n\t\t\t<div class=\"icon-main\">\r\n\t\t        \t\t\t    <img decoding=\"async\" src=\"http:\/\/esupport-mexico.com\/wp-content\/uploads\/2023\/09\/rack-de-servidores.png\" alt=\"Redes y cableado estructurado\">\t\t        \t\t        \t        <\/div>\r\n\t        <div class=\"content-box\">\r\n\t            <h5>Redes y cableado estructurado<\/h5>\r\n\t            <p>Planeaci\u00f3n, an\u00e1lisis, dise\u00f1o y cableado estructurado de redes corporativas. Instalaci\u00f3n de RACKS de telecomunicaciones, conmutadores, enlaces punto a punto y multipunto, peinado avanzado de Racks.<\/p>\r\n\t        <\/div>\r\n\t    <\/div>\r\n\t    \t\t<\/div>\n\t\t\t\t<\/div>\n\t\t\t\t\t<\/div>\n\t\t<\/div>\n\t\t\t\t<div class=\"elementor-column elementor-col-33 elementor-inner-column elementor-element elementor-element-58b6f2a ot-flex-column-vertical\" data-id=\"58b6f2a\" data-element_type=\"column\">\n\t\t\t<div class=\"elementor-widget-wrap elementor-element-populated\">\n\t\t\t\t\t\t\t\t<div class=\"elementor-element elementor-element-8e5b4fe elementor-widget elementor-widget-iiconbox2\" data-id=\"8e5b4fe\" data-element_type=\"widget\" data-widget_type=\"iiconbox2.default\">\n\t\t\t\t<div class=\"elementor-widget-container\">\n\t\t\t\t\t<div class=\"icon-box-s2 s1\">\r\n\t\t\t<div class=\"icon-main\">\r\n\t\t        \t\t\t    <img decoding=\"async\" src=\"http:\/\/esupport-mexico.com\/wp-content\/uploads\/2023\/09\/router-de-wifi.png\" alt=\"Redes Inal\u00e1mbricas\">\t\t        \t\t        \t        <\/div>\r\n\t        <div class=\"content-box\">\r\n\t            <h5>Redes Inal\u00e1mbricas<\/h5>\r\n\t            <p>Dise\u00f1amos e implementamos redes inal\u00e1mbricas de corto y largo alcance, as\u00ed como de altas velocidades para que el flujo de datos no sea una limitante en ning\u00fan lugar, de tal forma que todos puedan hacer un trabajo con gran desempe\u00f1o.<\/p>\r\n\t        <\/div>\r\n\t    <\/div>\r\n\t    \t\t<\/div>\n\t\t\t\t<\/div>\n\t\t\t\t\t<\/div>\n\t\t<\/div>\n\t\t\t\t<div class=\"elementor-column elementor-col-33 elementor-inner-column elementor-element elementor-element-80b173f elementor-hidden-tablet ot-flex-column-vertical\" data-id=\"80b173f\" data-element_type=\"column\">\n\t\t\t<div class=\"elementor-widget-wrap elementor-element-populated\">\n\t\t\t\t\t\t\t\t<div class=\"elementor-element elementor-element-ec9e6d3 elementor-widget elementor-widget-iiconbox2\" data-id=\"ec9e6d3\" data-element_type=\"widget\" data-widget_type=\"iiconbox2.default\">\n\t\t\t\t<div class=\"elementor-widget-container\">\n\t\t\t\t\t<div class=\"icon-box-s2 s1\">\r\n\t\t\t<div class=\"icon-main\">\r\n\t\t        \t\t\t    <img decoding=\"async\" src=\"http:\/\/esupport-mexico.com\/wp-content\/uploads\/2023\/09\/firewall-1.png\" alt=\"Control de Acceso y Gesti\u00f3n de Usuarios\">\t\t        \t\t        \t        <\/div>\r\n\t        <div class=\"content-box\">\r\n\t            <h5>Control de Acceso y Gesti\u00f3n de Usuarios<\/h5>\r\n\t            <p>No permita que nadie ingrese a sus datos, podemos controlar los accesos f\u00edsicos de su empresa hasta los usuarios conectados a su red, logrando con esto una mejora sustancial entre las comunicaciones de los dispositivos, mayor seguridad, eficiencia y confiabilidad.<\/p>\r\n\t        <\/div>\r\n\t    <\/div>\r\n\t    \t\t<\/div>\n\t\t\t\t<\/div>\n\t\t\t\t\t<\/div>\n\t\t<\/div>\n\t\t\t\t\t\t\t<\/div>\n\t\t<\/section>\n\t\t\t\t\t<\/div>\n\t\t<\/div>\n\t\t\t\t\t\t\t<\/div>\n\t\t<\/section>\n\t\t\t\t<section class=\"elementor-section elementor-top-section elementor-element elementor-element-9aaee77 ot-traditional elementor-section-boxed elementor-section-height-default elementor-section-height-default\" data-id=\"9aaee77\" data-element_type=\"section\" data-settings=\"{&quot;background_background&quot;:&quot;classic&quot;}\">\n\t\t\t\t\t\t<div class=\"elementor-container elementor-column-gap-default\">\n\t\t\t\t\t<div class=\"elementor-column elementor-col-100 elementor-top-column elementor-element elementor-element-aae5dd4 ot-flex-column-vertical\" data-id=\"aae5dd4\" data-element_type=\"column\">\n\t\t\t<div class=\"elementor-widget-wrap elementor-element-populated\">\n\t\t\t\t\t\t\t\t<section class=\"elementor-section elementor-inner-section elementor-element elementor-element-8a715a2 elementor-section-content-middle ot-traditional elementor-section-boxed elementor-section-height-default elementor-section-height-default\" data-id=\"8a715a2\" data-element_type=\"section\">\n\t\t\t\t\t\t<div class=\"elementor-container elementor-column-gap-default\">\n\t\t\t\t\t<div class=\"elementor-column elementor-col-100 elementor-inner-column elementor-element elementor-element-d04109d ot-column-items-center ot-flex-column-vertical\" data-id=\"d04109d\" data-element_type=\"column\">\n\t\t\t<div class=\"elementor-widget-wrap elementor-element-populated\">\n\t\t\t\t\t\t\t\t<div class=\"elementor-element elementor-element-45729b1 elementor-widget elementor-widget-iheading\" data-id=\"45729b1\" data-element_type=\"widget\" data-widget_type=\"iheading.default\">\n\t\t\t\t<div class=\"elementor-widget-container\">\n\t\t\t\t\t<div class=\"ot-heading\">\r\n\t        \t            <span>\/\/Otros servicios<\/span>\r\n\t        <h2 class=\"main-heading\">Tambi\u00e9n ofrecemos<\/h2>\t    <\/div>\r\n\t    \t\t<\/div>\n\t\t\t\t<\/div>\n\t\t\t\t\t<\/div>\n\t\t<\/div>\n\t\t\t\t\t\t\t<\/div>\n\t\t<\/section>\n\t\t\t\t<section class=\"elementor-section elementor-inner-section elementor-element elementor-element-4664b47 elementor-section-content-middle ot-traditional elementor-section-boxed elementor-section-height-default elementor-section-height-default\" data-id=\"4664b47\" data-element_type=\"section\">\n\t\t\t\t\t\t<div class=\"elementor-container elementor-column-gap-default\">\n\t\t\t\t\t<div class=\"elementor-column elementor-col-50 elementor-inner-column elementor-element elementor-element-6a0268e ot-column-items-center ot-flex-column-vertical\" data-id=\"6a0268e\" data-element_type=\"column\">\n\t\t\t<div class=\"elementor-widget-wrap elementor-element-populated\">\n\t\t\t\t\t\t\t\t<div class=\"elementor-element elementor-element-e4d6779 elementor-widget elementor-widget-isupport_box\" data-id=\"e4d6779\" data-element_type=\"widget\" data-widget_type=\"isupport_box.default\">\n\t\t\t\t<div class=\"elementor-widget-container\">\n\t\t\t\r\n\t\t<div class=\"support-box\">\r\n\t\t\t<div class=\"inner-box\">\r\n\t\t\t\t<div class=\"overlay flex-middle\">\r\n\t\t\t\t\t<span class=\"number-box\">01<\/span>\r\n\t\t\t\t\t<div class=\"inner\">\r\n\t\t\t\t\t\t<p>En nuestra empresa, nos enorgullece ofrecer una soluci\u00f3n integral de seguridad y control de acceso que incorpora tecnolog\u00eda de vanguardia, incluyendo sistemas de control de acceso y asistencia biom\u00e9trico, as\u00ed como tarjetas de proximidad. Estos servicios han revolucionado la forma en que las organizaciones gestionan la seguridad y el seguimiento de sus instalaciones y empleados.<\/p>\r\n\t\t\t\t\t\t<a href=\"#\" class=\"btn-details\"><\/a>\r\n\t\t\t\t\t<\/div>\r\n\t\t\t\t<\/div>\r\n\t\t\t\t<div class=\"content-box\">\r\n\t\t\t\t\t<span class=\"number-box\">01<\/span>\r\n\t\t\t\t\t<h3>Controles de acceso y asistencia biom\u00e9trico, tarjetas de proximidad, etc.<\/h3>\r\n\t\t\t\t\t<img decoding=\"async\" src=\"http:\/\/esupport-mexico.com\/wp-content\/uploads\/2023\/09\/control.jpg\" alt=\"Controles de acceso y asistencia biom\u00e9trico, tarjetas de proximidad, etc.\">\r\n\t\t\t\t<\/div>\r\n\t\t\t<\/div>\r\n\t    <\/div>\r\n\r\n\t    \t\t<\/div>\n\t\t\t\t<\/div>\n\t\t\t\t\t<\/div>\n\t\t<\/div>\n\t\t\t\t<div class=\"elementor-column elementor-col-50 elementor-inner-column elementor-element elementor-element-fb3fa8e ot-column-items-center ot-flex-column-vertical\" data-id=\"fb3fa8e\" data-element_type=\"column\">\n\t\t\t<div class=\"elementor-widget-wrap elementor-element-populated\">\n\t\t\t\t\t\t\t\t<div class=\"elementor-element elementor-element-2cd5846 elementor-widget elementor-widget-isupport_box\" data-id=\"2cd5846\" data-element_type=\"widget\" data-widget_type=\"isupport_box.default\">\n\t\t\t\t<div class=\"elementor-widget-container\">\n\t\t\t\r\n\t\t<div class=\"support-box\">\r\n\t\t\t<div class=\"inner-box\">\r\n\t\t\t\t<div class=\"overlay flex-middle\">\r\n\t\t\t\t\t<span class=\"number-box\">02<\/span>\r\n\t\t\t\t\t<div class=\"inner\">\r\n\t\t\t\t\t\t<p>Expertos en la reparaci\u00f3n de equipos port\u00e1tiles y de escritorio. M\u00e1s de 20   a\u00f1os de experiencia nos respaldan para la detecci\u00f3n oportuna de fallas, mantenimiento y acceso a un extenso cat\u00e1logo de piezas y refacciones.<\/p>\r\n\t\t\t\t\t\t<a href=\"#\" class=\"btn-details\"><\/a>\r\n\t\t\t\t\t<\/div>\r\n\t\t\t\t<\/div>\r\n\t\t\t\t<div class=\"content-box\">\r\n\t\t\t\t\t<span class=\"number-box\">02<\/span>\r\n\t\t\t\t\t<h3>Reparaci\u00f3n y mantenimiento de computadoras y laptops<\/h3>\r\n\t\t\t\t\t<img decoding=\"async\" src=\"http:\/\/esupport-mexico.com\/wp-content\/uploads\/2023\/09\/R.jpg\" alt=\"Reparaci\u00f3n y mantenimiento de computadoras y laptops\">\r\n\t\t\t\t<\/div>\r\n\t\t\t<\/div>\r\n\t    <\/div>\r\n\r\n\t    \t\t<\/div>\n\t\t\t\t<\/div>\n\t\t\t\t\t<\/div>\n\t\t<\/div>\n\t\t\t\t\t\t\t<\/div>\n\t\t<\/section>\n\t\t\t\t\t<\/div>\n\t\t<\/div>\n\t\t\t\t\t\t\t<\/div>\n\t\t<\/section>\n\t\t\t\t<section class=\"elementor-section elementor-top-section elementor-element elementor-element-73be24f ot-traditional elementor-section-boxed elementor-section-height-default elementor-section-height-default\" data-id=\"73be24f\" data-element_type=\"section\" data-settings=\"{&quot;background_background&quot;:&quot;classic&quot;}\">\n\t\t\t\t\t\t<div class=\"elementor-container elementor-column-gap-default\">\n\t\t\t\t\t<div class=\"elementor-column elementor-col-100 elementor-top-column elementor-element elementor-element-127b13e ot-flex-column-vertical\" data-id=\"127b13e\" data-element_type=\"column\">\n\t\t\t<div class=\"elementor-widget-wrap elementor-element-populated\">\n\t\t\t\t\t\t\t\t<div class=\"elementor-element elementor-element-ca0ae35 elementor-widget elementor-widget-heading\" data-id=\"ca0ae35\" data-element_type=\"widget\" data-widget_type=\"heading.default\">\n\t\t\t\t<div class=\"elementor-widget-container\">\n\t\t\t<style>\/*! elementor - v3.17.0 - 08-11-2023 *\/\n.elementor-heading-title{padding:0;margin:0;line-height:1}.elementor-widget-heading .elementor-heading-title[class*=elementor-size-]>a{color:inherit;font-size:inherit;line-height:inherit}.elementor-widget-heading .elementor-heading-title.elementor-size-small{font-size:15px}.elementor-widget-heading .elementor-heading-title.elementor-size-medium{font-size:19px}.elementor-widget-heading .elementor-heading-title.elementor-size-large{font-size:29px}.elementor-widget-heading .elementor-heading-title.elementor-size-xl{font-size:39px}.elementor-widget-heading .elementor-heading-title.elementor-size-xxl{font-size:59px}<\/style><p class=\"elementor-heading-title elementor-size-default\">\/\/ Escr\u00edbenos estamos aqu\u00ed para responder tus dudas 24\/7<\/p>\t\t<\/div>\n\t\t\t\t<\/div>\n\t\t\t\t<div class=\"elementor-element elementor-element-ed367a6 elementor-widget elementor-widget-heading\" data-id=\"ed367a6\" data-element_type=\"widget\" data-widget_type=\"heading.default\">\n\t\t\t\t<div class=\"elementor-widget-container\">\n\t\t\t<h2 class=\"elementor-heading-title elementor-size-default\">\u00bfNecesitas una consulta?<\/h2>\t\t<\/div>\n\t\t\t\t<\/div>\n\t\t\t\t<div class=\"elementor-element elementor-element-f08a21a elementor-align-center elementor-widget elementor-widget-ibutton\" data-id=\"f08a21a\" data-element_type=\"widget\" data-widget_type=\"ibutton.default\">\n\t\t\t\t<div class=\"elementor-widget-container\">\n\t\t\t\t\t<div class=\"ot-button\">\r\n\t\t\t<a href=\"http:\/\/esupport-mexico.com\/index.php\/contacts\/\" class=\"octf-btn octf-btn-primary\">Cont\u00e1ctanos<\/a>\r\n\t    <\/div>\r\n\t    \t\t<\/div>\n\t\t\t\t<\/div>\n\t\t\t\t\t<\/div>\n\t\t<\/div>\n\t\t\t\t\t\t\t<\/div>\n\t\t<\/section>\n\t\t\t\t\t\t\t<\/div>\n\t\t","protected":false},"excerpt":{"rendered":"<p>\/\/ nuestros servicios Los servicios que ofrecemos son: Redes y cableado estructurado Planeaci\u00f3n, an\u00e1lisis, dise\u00f1o y cableado estructurado de redes corporativas. Instalaci\u00f3n de RACKS de telecomunicaciones, conmutadores, enlaces punto a punto y multipunto, peinado avanzado de Racks. Redes Inal\u00e1mbricas Dise\u00f1amos e implementamos redes inal\u00e1mbricas de corto y largo alcance, as\u00ed como de altas velocidades para [&hellip;]<\/p>\n","protected":false},"author":1,"featured_media":0,"parent":0,"menu_order":0,"comment_status":"closed","ping_status":"closed","template":"","meta":{"footnotes":""},"yoast_head":"<!-- This site is optimized with the Yoast SEO plugin v21.5 - https:\/\/yoast.com\/wordpress\/plugins\/seo\/ -->\n<title>Infraestructura - ESUPPORT<\/title>\n<meta name=\"robots\" content=\"index, follow, max-snippet:-1, max-image-preview:large, max-video-preview:-1\" \/>\n<link rel=\"canonical\" href=\"https:\/\/esupport-mexico.com\/index.php\/infraestructura\/\" \/>\n<meta property=\"og:locale\" content=\"es_ES\" \/>\n<meta property=\"og:type\" content=\"article\" \/>\n<meta property=\"og:title\" content=\"Infraestructura - ESUPPORT\" \/>\n<meta property=\"og:description\" content=\"\/\/ nuestros servicios Los servicios que ofrecemos son: Redes y cableado estructurado Planeaci\u00f3n, an\u00e1lisis, dise\u00f1o y cableado estructurado de redes corporativas. Instalaci\u00f3n de RACKS de telecomunicaciones, conmutadores, enlaces punto a punto y multipunto, peinado avanzado de Racks. Redes Inal\u00e1mbricas Dise\u00f1amos e implementamos redes inal\u00e1mbricas de corto y largo alcance, as\u00ed como de altas velocidades para [&hellip;]\" \/>\n<meta property=\"og:url\" content=\"https:\/\/esupport-mexico.com\/index.php\/infraestructura\/\" \/>\n<meta property=\"og:site_name\" content=\"ESUPPORT\" \/>\n<meta property=\"article:modified_time\" content=\"2023-09-25T16:12:26+00:00\" \/>\n<meta property=\"og:image\" content=\"http:\/\/esupport-mexico.com\/wp-content\/uploads\/2023\/09\/rack-de-servidores.png\" \/>\n<meta name=\"twitter:card\" content=\"summary_large_image\" \/>\n<meta name=\"twitter:label1\" content=\"Tiempo de lectura\" \/>\n\t<meta name=\"twitter:data1\" content=\"1 minuto\" \/>\n<script type=\"application\/ld+json\" class=\"yoast-schema-graph\">{\"@context\":\"https:\/\/schema.org\",\"@graph\":[{\"@type\":\"WebPage\",\"@id\":\"https:\/\/esupport-mexico.com\/index.php\/infraestructura\/\",\"url\":\"https:\/\/esupport-mexico.com\/index.php\/infraestructura\/\",\"name\":\"Infraestructura - ESUPPORT\",\"isPartOf\":{\"@id\":\"https:\/\/esupport-mexico.com\/#website\"},\"datePublished\":\"2020-03-06T06:58:00+00:00\",\"dateModified\":\"2023-09-25T16:12:26+00:00\",\"breadcrumb\":{\"@id\":\"https:\/\/esupport-mexico.com\/index.php\/infraestructura\/#breadcrumb\"},\"inLanguage\":\"es\",\"potentialAction\":[{\"@type\":\"ReadAction\",\"target\":[\"https:\/\/esupport-mexico.com\/index.php\/infraestructura\/\"]}]},{\"@type\":\"BreadcrumbList\",\"@id\":\"https:\/\/esupport-mexico.com\/index.php\/infraestructura\/#breadcrumb\",\"itemListElement\":[{\"@type\":\"ListItem\",\"position\":1,\"name\":\"Portada\",\"item\":\"https:\/\/esupport-mexico.com\/\"},{\"@type\":\"ListItem\",\"position\":2,\"name\":\"Infraestructura\"}]},{\"@type\":\"WebSite\",\"@id\":\"https:\/\/esupport-mexico.com\/#website\",\"url\":\"https:\/\/esupport-mexico.com\/\",\"name\":\"ESUPPORT\",\"description\":\"Somos una empresa mexicana en constante actualizaci\u00f3n y capacitaci\u00f3n que ofrece servicios de tecnolog\u00eda inform\u00e1tica tanto a particulares como a PyMES del Estado de Quer\u00e9taro y algunas otras zonas de la regi\u00f3n de Baj\u00edo.\",\"publisher\":{\"@id\":\"https:\/\/esupport-mexico.com\/#organization\"},\"potentialAction\":[{\"@type\":\"SearchAction\",\"target\":{\"@type\":\"EntryPoint\",\"urlTemplate\":\"https:\/\/esupport-mexico.com\/?s={search_term_string}\"},\"query-input\":\"required name=search_term_string\"}],\"inLanguage\":\"es\"},{\"@type\":\"Organization\",\"@id\":\"https:\/\/esupport-mexico.com\/#organization\",\"name\":\"ESUPPORT\",\"url\":\"https:\/\/esupport-mexico.com\/\",\"logo\":{\"@type\":\"ImageObject\",\"inLanguage\":\"es\",\"@id\":\"https:\/\/esupport-mexico.com\/#\/schema\/logo\/image\/\",\"url\":\"http:\/\/esupport-mexico.com\/wp-content\/uploads\/2023\/09\/logo-e-support-e1695245467737.png\",\"contentUrl\":\"http:\/\/esupport-mexico.com\/wp-content\/uploads\/2023\/09\/logo-e-support-e1695245467737.png\",\"width\":640,\"height\":181,\"caption\":\"ESUPPORT\"},\"image\":{\"@id\":\"https:\/\/esupport-mexico.com\/#\/schema\/logo\/image\/\"}}]}<\/script>\n<!-- \/ Yoast SEO plugin. -->","yoast_head_json":{"title":"Infraestructura - ESUPPORT","robots":{"index":"index","follow":"follow","max-snippet":"max-snippet:-1","max-image-preview":"max-image-preview:large","max-video-preview":"max-video-preview:-1"},"canonical":"https:\/\/esupport-mexico.com\/index.php\/infraestructura\/","og_locale":"es_ES","og_type":"article","og_title":"Infraestructura - ESUPPORT","og_description":"\/\/ nuestros servicios Los servicios que ofrecemos son: Redes y cableado estructurado Planeaci\u00f3n, an\u00e1lisis, dise\u00f1o y cableado estructurado de redes corporativas. Instalaci\u00f3n de RACKS de telecomunicaciones, conmutadores, enlaces punto a punto y multipunto, peinado avanzado de Racks. Redes Inal\u00e1mbricas Dise\u00f1amos e implementamos redes inal\u00e1mbricas de corto y largo alcance, as\u00ed como de altas velocidades para [&hellip;]","og_url":"https:\/\/esupport-mexico.com\/index.php\/infraestructura\/","og_site_name":"ESUPPORT","article_modified_time":"2023-09-25T16:12:26+00:00","og_image":[{"url":"http:\/\/esupport-mexico.com\/wp-content\/uploads\/2023\/09\/rack-de-servidores.png"}],"twitter_card":"summary_large_image","twitter_misc":{"Tiempo de lectura":"1 minuto"},"schema":{"@context":"https:\/\/schema.org","@graph":[{"@type":"WebPage","@id":"https:\/\/esupport-mexico.com\/index.php\/infraestructura\/","url":"https:\/\/esupport-mexico.com\/index.php\/infraestructura\/","name":"Infraestructura - ESUPPORT","isPartOf":{"@id":"https:\/\/esupport-mexico.com\/#website"},"datePublished":"2020-03-06T06:58:00+00:00","dateModified":"2023-09-25T16:12:26+00:00","breadcrumb":{"@id":"https:\/\/esupport-mexico.com\/index.php\/infraestructura\/#breadcrumb"},"inLanguage":"es","potentialAction":[{"@type":"ReadAction","target":["https:\/\/esupport-mexico.com\/index.php\/infraestructura\/"]}]},{"@type":"BreadcrumbList","@id":"https:\/\/esupport-mexico.com\/index.php\/infraestructura\/#breadcrumb","itemListElement":[{"@type":"ListItem","position":1,"name":"Portada","item":"https:\/\/esupport-mexico.com\/"},{"@type":"ListItem","position":2,"name":"Infraestructura"}]},{"@type":"WebSite","@id":"https:\/\/esupport-mexico.com\/#website","url":"https:\/\/esupport-mexico.com\/","name":"ESUPPORT","description":"Somos una empresa mexicana en constante actualizaci\u00f3n y capacitaci\u00f3n que ofrece servicios de tecnolog\u00eda inform\u00e1tica tanto a particulares como a PyMES del Estado de Quer\u00e9taro y algunas otras zonas de la regi\u00f3n de Baj\u00edo.","publisher":{"@id":"https:\/\/esupport-mexico.com\/#organization"},"potentialAction":[{"@type":"SearchAction","target":{"@type":"EntryPoint","urlTemplate":"https:\/\/esupport-mexico.com\/?s={search_term_string}"},"query-input":"required name=search_term_string"}],"inLanguage":"es"},{"@type":"Organization","@id":"https:\/\/esupport-mexico.com\/#organization","name":"ESUPPORT","url":"https:\/\/esupport-mexico.com\/","logo":{"@type":"ImageObject","inLanguage":"es","@id":"https:\/\/esupport-mexico.com\/#\/schema\/logo\/image\/","url":"http:\/\/esupport-mexico.com\/wp-content\/uploads\/2023\/09\/logo-e-support-e1695245467737.png","contentUrl":"http:\/\/esupport-mexico.com\/wp-content\/uploads\/2023\/09\/logo-e-support-e1695245467737.png","width":640,"height":181,"caption":"ESUPPORT"},"image":{"@id":"https:\/\/esupport-mexico.com\/#\/schema\/logo\/image\/"}}]}},"_links":{"self":[{"href":"https:\/\/esupport-mexico.com\/index.php\/wp-json\/wp\/v2\/pages\/2407"}],"collection":[{"href":"https:\/\/esupport-mexico.com\/index.php\/wp-json\/wp\/v2\/pages"}],"about":[{"href":"https:\/\/esupport-mexico.com\/index.php\/wp-json\/wp\/v2\/types\/page"}],"author":[{"embeddable":true,"href":"https:\/\/esupport-mexico.com\/index.php\/wp-json\/wp\/v2\/users\/1"}],"replies":[{"embeddable":true,"href":"https:\/\/esupport-mexico.com\/index.php\/wp-json\/wp\/v2\/comments?post=2407"}],"version-history":[{"count":63,"href":"https:\/\/esupport-mexico.com\/index.php\/wp-json\/wp\/v2\/pages\/2407\/revisions"}],"predecessor-version":[{"id":5428,"href":"https:\/\/esupport-mexico.com\/index.php\/wp-json\/wp\/v2\/pages\/2407\/revisions\/5428"}],"wp:attachment":[{"href":"https:\/\/esupport-mexico.com\/index.php\/wp-json\/wp\/v2\/media?parent=2407"}],"curies":[{"name":"wp","href":"https:\/\/api.w.org\/{rel}","templated":true}]}}